{"id":711,"date":"2016-02-02T19:33:44","date_gmt":"2016-02-02T19:33:44","guid":{"rendered":"http:\/\/fluentthemes.com\/wp\/zionhost\/?page_id=9"},"modified":"2018-08-27T10:22:43","modified_gmt":"2018-08-27T07:22:43","slug":"domains","status":"publish","type":"page","link":"https:\/\/creanova.org\/fi\/domains\/","title":{"rendered":"Domain registration, domain transfer"},"content":{"rendered":"<p>[vc_row full_width=&#8221;stretch_row_content_no_spaces&#8221;][vc_column]<section class=\"section31 one five\" style=\"background: url(\/wp-content\/uploads\/2016\/05\/slide_bg2.jpg) repeat scroll center top;\">\r\n\r\n\t\t\t\t<div class=\"title7\">\r\n\t\t\t\t<h2>\r\n\t\t\t\tTarkista, onko verkkotunnus vapaa tai varattu\r\n\t\t\t\t<\/h2>\r\n\t\t\t\t<\/div>\r\n\r\n\t\t\t\t<div class=\"clearfix margin_top1\"><\/div>\r\n\r\n\t\t\t\t<div class=\"container domain_search_home\">\r\n\t\t\t\t<div class=\"one_full\">\r\n\t\t\t\t\r\n\t\t\t\t\t\t\t\t<form name=\"domainsearch\" method=\"POST\" id=\"domain-searchform\" action=\"https:\/\/billing.creanova.org\/domainchecker.php\">\r\n\t\t\t\t\t\t\t\t\r\n\t\t\t\t\t\t\t<input class=\"input-text\" name=\"domain\" id=\"dsearch\" value=\"\" placeholder=\"L\u00f6yd\u00e4 itsellesi sopivin verkkotunnus...\" type=\"text\" \/><select class=\"drlist\" name=\"ext\"><option>.fi<br \/><\/option><option>.ru<br \/><\/option><option>.su<br \/><\/option><option>.com<br \/><\/option><option>.org<br \/><\/option><option>.net<br \/><\/option><option>.biz<br \/><\/option><option>.info<br \/><\/option><option>.name<br \/><\/option><option>.us<br \/><\/option><option>.eu<br \/><\/option><option>.ws<br \/><\/option><option>.cc<br \/><\/option><option>.tv<br \/><\/option><option>.asia<br \/><\/option><option>.mobi<br \/><\/option><option>.in<br \/><\/option><option>.me<br \/><\/option><option>.tel<br \/><\/option><option>.xxx<br \/><\/option><option>.pw<br \/><\/option><option>.club<br \/><\/option><option>.click<br \/><\/option><option>.gift<br \/><\/option><option>.one<br \/><\/option><option>.pet<br \/><\/option><option>.work<\/option><\/select><input id=\"search-submit\" value=\"Tarkista saatavuus\" type=\"submit\" \/>\r\n\t\t\t\t<\/form>\r\n\t\t\t\t<\/div>\r\n\r\n\t\t\t\t<div class=\"dlist animate-in\" data-anim-type=\"bounce-in-up\" data-anim-delay=\"100\">\u20ac10.00 <span>.fi<\/span> \u20ac13.00 <span>.com<\/span> \u20ac7.00 <span>.ru<\/span> \u20ac15.00 <span class=\"last\">.org<\/span><\/div>\r\n\r\n\t\t\t\t<\/div>\r\n\t\t\t\t<\/section>\r\n\t\t\t\t<!-- end section 1 -->\r\n\t\t\t\t<div class=\"clearfix\"><\/div>[\/vc_column][\/vc_row][vc_row top_padding=&#8221;60px&#8221;][vc_column][vc_row_inner][vc_column_inner][\/vc_column_inner][\/vc_row_inner]<div class=\"title4\">\r\n\t\t\t\t\t<h2 style=\"color: ;\"><span class=\"line\"><\/span>\r\n\t\t\t\t\tHinnasto. Todenn\u00e4k\u00f6isesti markkinoiden halvin.<em style=\"color: ;\">Rekister\u00f6imme ja yll\u00e4pid\u00e4mme kaiken tyyppiset verkkotunnukset niin kotimaiset (.FI) kuin kansainv\u00e4liset verkkotunnukset (esim. .COM, .NET, .ORG, .EU). Verkkotunnuksen rekister\u00f6inti on nopeaa ja edullista. Voit hallita verkkotunnuksia helppok\u00e4ytt\u00f6isell\u00e4 hallintapaneelilla.<\/em>\t<\/h2>\r\n\t\t\t\t<\/div>[vc_column_text]<\/p>\n<p class=\"a______\" style=\"text-align: center;\"><strong><span class=\"tm5\">Olemme virallinen<\/span><span class=\"tm6\"> .fi<\/span> <span class=\"tm6\">verkkotunnuksen<\/span> <span class=\"tm5\">v<\/span><span class=\"tm6\">\u00e4litt\u00e4j\u00e4.<\/span><\/strong><\/p>\n<p>[\/vc_column_text][vc_empty_space height=&#8221;50px&#8221;]<div class=\"table-style\">\r\n            <table class=\"table-list3\">\r\n              <tbody>\r\n\t\t\t\t<tr><th><\/th><th>Rekister\u00f6inti<br \/><\/th><th>Siirto<br \/><\/th><th>DNS Management<br \/><\/th><th>Whois Privacy<\/th><th><\/th><\/tr>\r\n\t\t\t\t\r\n\t\t\t\t<tr><td>.com<br \/><\/td><td>\u20ac13.00<br \/><\/td><td>\u20ac13.00<br \/><\/td><td>Ilmainen<br \/><\/td><td>\u20ac2.00<\/td><td><div class=\"readmore\"><a href=\"https:\/\/billing.creanova.org\/domainchecker.php\" class=\"btn linebtn\">Tilaa<\/a><\/div><\/td><\/tr>\r\n\t\t\t\t\r\n\t\t\t\t<tr><td class=\"hilit\">.org<br \/><\/td><td class=\"hilit\">\u20ac15.00<br \/><\/td><td class=\"hilit\">\u20ac15.00<br \/><\/td><td class=\"hilit\">Ilmainen<br \/><\/td><td class=\"hilit\">\u20ac2.00<\/td><td class=\"hilit\"><div class=\"readmore\"><a href=\"https:\/\/billing.creanova.org\/domainchecker.php\" class=\"btn linebtn\">Tilaa<\/a><\/div><\/td><\/tr>\r\n\t\t\t\t\r\n\t\t\t\t<tr><td>.info<br \/><\/td><td>\u20ac15.00<br \/><\/td><td>\u20ac15.00<br \/><\/td><td>Ilmainen<br \/><\/td><td>\u20ac2.00<\/td><td><div class=\"readmore\"><a href=\"https:\/\/billing.creanova.org\/domainchecker.php\" class=\"btn linebtn\">Tilaa<\/a><\/div><\/td><\/tr>\r\n\t\t\t\t\r\n\t\t\t\t<tr><td class=\"hilit\">.biz<br \/><\/td><td class=\"hilit\">\u20ac15.00<br \/><\/td><td class=\"hilit\">\u20ac15.00<br \/><\/td><td class=\"hilit\">Ilmainen<br \/><\/td><td class=\"hilit\">\u20ac2.00<\/td><td class=\"hilit\"><div class=\"readmore\"><a href=\"https:\/\/billing.creanova.org\/domainchecker.php\" class=\"btn linebtn\">Tilaa<\/a><\/div><\/td><\/tr>\r\n\t\t\t\t\r\n\t\t\t\t<tr><td>.net<br \/><\/td><td>\u20ac15.00<br \/><\/td><td>\u20ac15.00<br \/><\/td><td>Ilmainen<br \/><\/td><td>\u20ac2.00<\/td><td><div class=\"readmore\"><a href=\"https:\/\/billing.creanova.org\/domainchecker.php\" class=\"btn linebtn\">Tilaa<\/a><\/div><\/td><\/tr>\r\n\t\t\t\t\r\n\t\t\t\t<tr><td class=\"hilit\">.eu<br \/><\/td><td class=\"hilit\">\u20ac15.00<br \/><\/td><td class=\"hilit\">\u20ac15.00<br \/><\/td><td class=\"hilit\">Ilmainen<br \/><\/td><td class=\"hilit\">\u20ac2.00<\/td><td class=\"hilit\"><div class=\"readmore\"><a href=\"https:\/\/billing.creanova.org\/domainchecker.php\" class=\"btn linebtn\">Tilaa<\/a><\/div><\/td><\/tr>\r\n\t\t\t\t\r\n\t\t\t\t<tr><td>.ws<br \/><\/td><td>\u20ac15.00<br \/><\/td><td>\u20ac15.00<br \/><\/td><td>Ilmainen<br \/><\/td><td>\u20ac2.00<\/td><td><div class=\"readmore\"><a href=\"https:\/\/billing.creanova.org\/domainchecker.php\" class=\"btn linebtn\">Tilaa<\/a><\/div><\/td><\/tr>\r\n\t\t\t\t\r\n\t\t\t\t<tr><td class=\"hilit\">.cc<br \/><\/td><td class=\"hilit\">\u20ac30.00<br \/><\/td><td class=\"hilit\">\u20ac30.00<br \/><\/td><td class=\"hilit\">Ilmainen<br \/><\/td><td class=\"hilit\">\u20ac2.00<\/td><td class=\"hilit\"><div class=\"readmore\"><a href=\"https:\/\/billing.creanova.org\/domainchecker.php\" class=\"btn linebtn\">Tilaa<\/a><\/div><\/td><\/tr>\r\n\t\t\t\t\r\n\t\t\t\t<tr><td>.club<br \/><\/td><td>\u20ac15.00<br \/><\/td><td>\u20ac15.00<br \/><\/td><td>Ilmainen<br \/><\/td><td>\u20ac2.00<\/td><td><div class=\"readmore\"><a href=\"https:\/\/billing.creanova.org\/domainchecker.php\" class=\"btn linebtn\">Tilaa<\/a><\/div><\/td><\/tr>\r\n\t\t\t\t\r\n\t\t\t\t<tr><td class=\"hilit\">.me<br \/><\/td><td class=\"hilit\">\u20ac15.00<br \/><\/td><td class=\"hilit\">\u20ac15.00<br \/><\/td><td class=\"hilit\">Ilmainen<br \/><\/td><td class=\"hilit\">\u20ac2.00<\/td><td class=\"hilit\"><div class=\"readmore\"><a href=\"https:\/\/billing.creanova.org\/domainchecker.php\" class=\"btn linebtn\">Tilaa<\/a><\/div><\/td><\/tr>\r\n\t\t\t\t\r\n\t\t\t   <\/tbody>\r\n\t\t\t<\/table>\r\n\t\t\t<\/div>[\/vc_column][\/vc_row][vc_row][vc_column][vc_btn title=&#8221;MORE DOMAINS&#8221; color=&#8221;green&#8221; align=&#8221;center&#8221; css_animation=&#8221;appear&#8221; link=&#8221;url:https%3A%2F%2Fbilling.creanova.org%2Fcart.php%3Fa%3Dadd%26domain%3Dregister|title:More%20domains||&#8221;][\/vc_column][\/vc_row]<\/p>","protected":false},"excerpt":{"rendered":"<p>[vc_row full_width=&#8221;stretch_row_content_no_spaces&#8221;][vc_column][\/vc_column][\/vc_row][vc_row top_padding=&#8221;60px&#8221;][vc_column][vc_row_inner][vc_column_inner][\/vc_column_inner][\/vc_row_inner][vc_column_text] Olemme virallinen .fi verkkotunnuksen v\u00e4litt\u00e4j\u00e4. [\/vc_column_text][vc_empty_space height=&#8221;50px&#8221;][\/vc_column][\/vc_row][vc_row][vc_column][vc_btn title=&#8221;MORE DOMAINS&#8221; color=&#8221;green&#8221; align=&#8221;center&#8221; css_animation=&#8221;appear&#8221; link=&#8221;url:https%3A%2F%2Fbilling.creanova.org%2Fcart.php%3Fa%3Dadd%26domain%3Dregister|title:More%20domains||&#8221;][\/vc_column][\/vc_row]<\/p>\n","protected":false},"author":1,"featured_media":0,"parent":0,"menu_order":0,"comment_status":"closed","ping_status":"closed","template":"page-vc.php","meta":{"footnotes":""},"class_list":["post-711","page","type-page","status-publish","hentry"],"_links":{"self":[{"href":"https:\/\/creanova.org\/fi\/wp-json\/wp\/v2\/pages\/711","targetHints":{"allow":["GET"]}}],"collection":[{"href":"https:\/\/creanova.org\/fi\/wp-json\/wp\/v2\/pages"}],"about":[{"href":"https:\/\/creanova.org\/fi\/wp-json\/wp\/v2\/types\/page"}],"author":[{"embeddable":true,"href":"https:\/\/creanova.org\/fi\/wp-json\/wp\/v2\/users\/1"}],"replies":[{"embeddable":true,"href":"https:\/\/creanova.org\/fi\/wp-json\/wp\/v2\/comments?post=711"}],"version-history":[{"count":49,"href":"https:\/\/creanova.org\/fi\/wp-json\/wp\/v2\/pages\/711\/revisions"}],"predecessor-version":[{"id":1721,"href":"https:\/\/creanova.org\/fi\/wp-json\/wp\/v2\/pages\/711\/revisions\/1721"}],"wp:attachment":[{"href":"https:\/\/creanova.org\/fi\/wp-json\/wp\/v2\/media?parent=711"}],"curies":[{"name":"wp","href":"https:\/\/api.w.org\/{rel}","templated":true}]}}