{"id":7,"date":"2016-02-02T19:08:45","date_gmt":"2016-02-02T19:08:45","guid":{"rendered":"http:\/\/fluentthemes.com\/wp\/zionhost\/?page_id=7"},"modified":"2016-10-15T20:18:54","modified_gmt":"2016-10-15T17:18:54","slug":"servers-management","status":"publish","type":"page","link":"https:\/\/creanova.org\/fi\/servers-management\/","title":{"rendered":"IT-yll\u00e4pito &#038; tuki"},"content":{"rendered":"<p>[vc_row full_width=&#8221;stretch_row_content_no_spaces&#8221;][vc_column][rev_slider_vc alias=&#8221;manage-fin&#8221;][\/vc_column][\/vc_row][vc_row][vc_column][vc_empty_space]<div class=\"title\">\r\n\t\t\t\t\t<h2 style=\"color: ;\"><span style=\"background: ;\" class=\"line blueline\"><\/span><span style=\"color: ;\" class=\"text\">Creanova Datacenter<\/span><br>\r\n\t\t\t\t\tIT-yll\u00e4pito &amp; tuki<em style=\"color: ;\">Valvontapalvelu huolehtii asiakkaan IT-laiteymp\u00e4rist\u00f6st\u00e4 ja h\u00e4lytt\u00e4\u00e4 meille automaattisesti ongelmista. Palvelulla voimme valvoa kaikkia p\u00e4\u00e4te- ja mobiililaitteita. L\u00e4hitukipalvelun avulla tulemme tarvittaessa paikan p\u00e4\u00e4lle hoitamaan ty\u00f6asemien, oheislaitteiden, palvelimien, ohjelmistojen, verkkojen ja muiden tietoteknisten j\u00e4rjestelmien yll\u00e4pito- tai asennust\u00f6it\u00e4. Vaativaan yll\u00e4pitoon tarjoamme oman nimetyn j\u00e4rjestelm\u00e4asiantuntijan, joka on asiakkaan palveluksessa paikan p\u00e4\u00e4ll\u00e4, puhelimen, s\u00e4hk\u00f6postin tai et\u00e4yhteyden avulla.<\/em>\t<\/h2>\r\n\t\t\t\t<\/div>[\/vc_column][\/vc_row][vc_row][vc_column width=&#8221;1\/4&#8243;][vc_empty_space height=&#8221;70px&#8221;]<div class=\"animate-in\" data-anim-type=\"bounce-in-up\" data-anim-delay=\"100\">\r\n\t\t\t\t<div class=\"price-col one \">\r\n\t\t\t\t\t<div class=\"prices one\">\r\n\t\t\t\t\t\u20ac50<span>\/ kk<\/span>\t\t<\/div>\r\n\r\n\t\t\t\t\t<div class=\"plan-title one\">\r\n\t\t\t\t\t\t<h2>IT-kartoitus, alk.<\/h2>\r\n\t\t\t\t\t<\/div>\r\n\t\t\t\t\t\r\n\t\t\t\t\t<div class=\"get-btn\">\r\n\t\t\t\t\t\t<a href=\"mailto:myynti@creanova.fi?subject=Tuki\" class=\"btn darkbox \">Ota yhteytt\u00e4<\/a>\r\n\t\t\t\t\t<\/div>\r\n\t\t\t\t<\/div>\r\n\t\t\t<\/div>[\/vc_column][vc_column width=&#8221;1\/4&#8243;][vc_empty_space height=&#8221;70px&#8221;]<div class=\"animate-in\" data-anim-type=\"bounce-in-up\" data-anim-delay=\"100\">\r\n\t\t\t\t<div class=\"price-col one active\">\r\n\t\t\t\t\t<div class=\"prices one\">\r\n\t\t\t\t\t\u20ac50<span>\/ kk<\/span>\t\t<\/div>\r\n\r\n\t\t\t\t\t<div class=\"plan-title one\">\r\n\t\t\t\t\t\t<h2>IT-valvonta, alk.<\/h2>\r\n\t\t\t\t\t<\/div>\r\n\t\t\t\t\t\r\n\t\t\t\t\t<div class=\"get-btn\">\r\n\t\t\t\t\t\t<a href=\"mailto:myynti@creanova.fi?subject=Tuki\" class=\"btn darkbox active\">Ota yhteytt\u00e4<\/a>\r\n\t\t\t\t\t<\/div>\r\n\t\t\t\t<\/div>\r\n\t\t\t<\/div>[\/vc_column][vc_column width=&#8221;1\/4&#8243;][vc_empty_space height=&#8221;70px&#8221;]<div class=\"animate-in\" data-anim-type=\"bounce-in-up\" data-anim-delay=\"100\">\r\n\t\t\t\t<div class=\"price-col one \">\r\n\t\t\t\t\t<div class=\"prices one\">\r\n\t\t\t\t\t\u20ac70<span>\/ kk<\/span>\t\t<\/div>\r\n\r\n\t\t\t\t\t<div class=\"plan-title one\">\r\n\t\t\t\t\t\t<h2>IT-yll\u00e4pito, alk.<\/h2>\r\n\t\t\t\t\t<\/div>\r\n\t\t\t\t\t\r\n\t\t\t\t\t<div class=\"get-btn\">\r\n\t\t\t\t\t\t<a href=\"mailto:myynti@creanova.fi?subject=Tuki\" class=\"btn darkbox \">Ota yhteytt\u00e4<\/a>\r\n\t\t\t\t\t<\/div>\r\n\t\t\t\t<\/div>\r\n\t\t\t<\/div>[\/vc_column][vc_column width=&#8221;1\/4&#8243;][vc_empty_space height=&#8221;70px&#8221;]<div class=\"animate-in\" data-anim-type=\"bounce-in-up\" data-anim-delay=\"100\">\r\n\t\t\t\t<div class=\"price-col one active\">\r\n\t\t\t\t\t<div class=\"prices one\">\r\n\t\t\t\t\t-20%<span>\/ ensimm\u00e4iset 3kk<\/span>\t\t<\/div>\r\n\r\n\t\t\t\t\t<div class=\"plan-title one\">\r\n\t\t\t\t\t\t<h2>IT-yll\u00e4pito<\/h2>\r\n\t\t\t\t\t<\/div>\r\n\t\t\t\t\t\r\n\t\t\t\t\t<div class=\"get-btn\">\r\n\t\t\t\t\t\t<a href=\"mailto:myynti@creanova.fi?subject=Tuki\" class=\"btn darkbox active\">Ota yhteytt\u00e4<\/a>\r\n\t\t\t\t\t<\/div>\r\n\t\t\t\t<\/div>\r\n\t\t\t<\/div>[\/vc_column][\/vc_row][vc_row][vc_column width=&#8221;1\/2&#8243;][vc_empty_space height=&#8221;70px&#8221;]<div class=\"features_table_new\">\r\n\t\t\t<div class=\"table-style\">\r\n            <table class=\"table-list3\">\r\n              <tbody>\r\n\t\t\t\t<tr><th>Palvelu<br \/><\/th><th>IT-kartoitus<br \/><\/th><th>IT-valvonta<br \/><\/th><th>IT-yll\u00e4pito<\/th><\/tr>\r\n\t\t\t\t\r\n\t\t\t\t<tr><td>Asiakasymp\u00e4rist\u00f6n kartoitus<br \/><\/td><td>Kyll\u00e4<br \/><\/td><td>Kyll\u00e4<br \/><\/td><td>Kyll\u00e4<\/td><\/tr>\r\n\t\t\t\t\r\n\t\t\t\t<tr><td class=\"hilit\">Automaattinen valvonta<br \/><\/td><td class=\"hilit\">Ei<br \/><\/td><td class=\"hilit\">Kyll\u00e4<br \/><\/td><td class=\"hilit\">Kyll\u00e4<\/td><\/tr>\r\n\t\t\t\t\r\n\t\t\t\t<tr><td>Selke\u00e4 kuukausikustannus IT-j\u00e4rjestelm\u00e4n yll\u00e4pidosta<br \/><\/td><td>Ei<br \/><\/td><td>Kyll\u00e4<br \/><\/td><td>Kyll\u00e4<\/td><\/tr>\r\n\t\t\t\t\r\n\t\t\t\t<tr><td class=\"hilit\">Automaattinen h\u00e4lytys ongelmatilanteissa<br \/><\/td><td class=\"hilit\">Ei<br \/><\/td><td class=\"hilit\">Kyll\u00e4<br \/><\/td><td class=\"hilit\">Kyll\u00e4<\/td><\/tr>\r\n\t\t\t\t\r\n\t\t\t\t<tr><td>Apua puhelimitse, et\u00e4yhteyksill\u00e4 ja paikan p\u00e4\u00e4ll\u00e4<br \/><\/td><td>Ei<br \/><\/td><td>sop.muk<br \/><\/td><td>Kyll\u00e4<\/td><\/tr>\r\n\t\t\t\t\r\n\t\t\t\t<tr><td class=\"hilit\">Kuukausittaiset l\u00e4hitukik\u00e4ynnit*<br \/><\/td><td class=\"hilit\">Ei<br \/><\/td><td class=\"hilit\">sop.muk<br \/><\/td><td class=\"hilit\">sop.muk<\/td><\/tr>\r\n\t\t\t\t\r\n\t\t\t\t<tr><td>Ennakoivat huoltotoimenpiteet<br \/><\/td><td>Ei<br \/><\/td><td>Ei<br \/><\/td><td>Kyll\u00e4<\/td><\/tr>\r\n\t\t\t\t\r\n\t\t\t\t<tr><td class=\"hilit\">Ajantasainen dokumentaatio asiakasymp\u00e4rist\u00f6st\u00e4<br \/><\/td><td class=\"hilit\">Ei<br \/><\/td><td class=\"hilit\">Ei<br \/><\/td><td class=\"hilit\">Kyll\u00e4<\/td><\/tr>\r\n\t\t\t\t\r\n\t\t\t\t<tr><td>Aina ajantasaiset ohjelmisto- ja tietoturvap\u00e4ivitykset<br \/><\/td><td>Ei<br \/><\/td><td>Ei<br \/><\/td><td>Kyll\u00e4<\/td><\/tr>\r\n\t\t\t\t\r\n\t\t\t   <\/tbody>\r\n\t\t\t<\/table>\r\n\t\t\t<\/div>\r\n\t\t\t<\/div>[\/vc_column][vc_column width=&#8221;1\/2&#8243;][vc_empty_space height=&#8221;70px&#8221;]<div class=\"accordion_holder\">\r\n\t\t\t\t<div class=\"accordion_example1 smk_accordion acc_with_icon\"><div class=\"accordion_in two acc_active\">\r\n\t\t\t\t\t<div class=\"acc_head\"><div class=\"acc_icon_expand\"><\/div>IT-YLL\u00c4PITO<\/div>\r\n\t\t\t\t\t<div class=\"acc_content\">Ty\u00f6asemien, palvelimien, mobiililaitteiden ja oheislaitteiden ohjelmisto- ja laiteasennukset, toimintakunnon valvonta (sis\u00e4lt\u00e4\u00e4 mm. levyn kunnon, varmuuskopioinnin tarkistuksen ja toimivuuden testauksen sek\u00e4 k\u00e4ytt\u00f6j\u00e4rjestelm\u00e4n k\u00e4yt\u00f6n optimoinnin) sek\u00e4 k\u00e4ytt\u00f6\u00f6notot. K\u00e4ytt\u00e4j\u00e4n k\u00e4ytt\u00f6opastusta paikan p\u00e4\u00e4ll\u00e4 tai et\u00e4yhteyden avulla. Asiakkaan toiveesta tarjoamme my\u00f6s asiakkaan tiloissa tapahtuvaa kuukausittaista l\u00e4hitukipalvelua.<\/div>\r\n\t\t\t   <\/div><div class=\"accordion_in two \">\r\n\t\t\t\t\t<div class=\"acc_head\"><div class=\"acc_icon_expand\"><\/div>IT-VALVONTA<\/div>\r\n\t\t\t\t\t<div class=\"acc_content\">Ty\u00f6asemien, palvelimien, mobiililaitteiden toimintakunnon valvonta joka sis\u00e4lt\u00e4\u00e4 mm. automaattiset h\u00e4lytykset, levyn kunnon seuranta ja k\u00e4yt\u00f6n optimoinnin.<\/div>\r\n\t\t\t   <\/div><div class=\"accordion_in two \">\r\n\t\t\t\t\t<div class=\"acc_head\"><div class=\"acc_icon_expand\"><\/div>IT-KARTOITUS<\/div>\r\n\t\t\t\t\t<div class=\"acc_content\">Tietokoneiden, mobiililaitteiden, lis\u00e4laitteiden, oheislaitteiden, data-liittymien, lisenssipohjaiset ohjelmistot sek\u00e4 IT-palveluiden kartoitus.<\/div>\r\n\t\t\t   <\/div>\t<\/div>\r\n\t\t   <\/div>[vc_empty_space][vc_column_text]<strong>* Asiakkaan toiveesta tarjoamme my\u00f6s asiakkaan tiloissa tapahtuvaa kuukausittaista l\u00e4hitukipalvelua (sopimushinnaston mukaisesti).<\/strong>[\/vc_column_text][\/vc_column][\/vc_row]<\/p>","protected":false},"excerpt":{"rendered":"<p>[vc_row full_width=&#8221;stretch_row_content_no_spaces&#8221;][vc_column][rev_slider_vc alias=&#8221;manage-fin&#8221;][\/vc_column][\/vc_row][vc_row][vc_column][vc_empty_space][\/vc_column][\/vc_row][vc_row][vc_column width=&#8221;1\/4&#8243;][vc_empty_space height=&#8221;70px&#8221;][\/vc_column][vc_column width=&#8221;1\/4&#8243;][vc_empty_space height=&#8221;70px&#8221;][\/vc_column][vc_column width=&#8221;1\/4&#8243;][vc_empty_space height=&#8221;70px&#8221;][\/vc_column][vc_column width=&#8221;1\/4&#8243;][vc_empty_space height=&#8221;70px&#8221;][\/vc_column][\/vc_row][vc_row][vc_column width=&#8221;1\/2&#8243;][vc_empty_space height=&#8221;70px&#8221;][\/vc_column][vc_column width=&#8221;1\/2&#8243;][vc_empty_space height=&#8221;70px&#8221;][vc_empty_space][vc_column_text]* Asiakkaan toiveesta tarjoamme my\u00f6s asiakkaan tiloissa tapahtuvaa kuukausittaista l\u00e4hitukipalvelua (sopimushinnaston mukaisesti).[\/vc_column_text][\/vc_column][\/vc_row]<\/p>\n","protected":false},"author":1,"featured_media":0,"parent":0,"menu_order":0,"comment_status":"closed","ping_status":"closed","template":"page-vc.php","meta":{"footnotes":""},"class_list":["post-7","page","type-page","status-publish","hentry"],"_links":{"self":[{"href":"https:\/\/creanova.org\/fi\/wp-json\/wp\/v2\/pages\/7","targetHints":{"allow":["GET"]}}],"collection":[{"href":"https:\/\/creanova.org\/fi\/wp-json\/wp\/v2\/pages"}],"about":[{"href":"https:\/\/creanova.org\/fi\/wp-json\/wp\/v2\/types\/page"}],"author":[{"embeddable":true,"href":"https:\/\/creanova.org\/fi\/wp-json\/wp\/v2\/users\/1"}],"replies":[{"embeddable":true,"href":"https:\/\/creanova.org\/fi\/wp-json\/wp\/v2\/comments?post=7"}],"version-history":[{"count":59,"href":"https:\/\/creanova.org\/fi\/wp-json\/wp\/v2\/pages\/7\/revisions"}],"predecessor-version":[{"id":1421,"href":"https:\/\/creanova.org\/fi\/wp-json\/wp\/v2\/pages\/7\/revisions\/1421"}],"wp:attachment":[{"href":"https:\/\/creanova.org\/fi\/wp-json\/wp\/v2\/media?parent=7"}],"curies":[{"name":"wp","href":"https:\/\/api.w.org\/{rel}","templated":true}]}}