{"id":201,"date":"2016-02-04T12:15:25","date_gmt":"2016-02-04T12:15:25","guid":{"rendered":"http:\/\/fluentthemes.com\/wp\/zionhost\/?page_id=201"},"modified":"2024-06-04T14:22:00","modified_gmt":"2024-06-04T11:22:00","slug":"home-green","status":"publish","type":"page","link":"https:\/\/creanova.org\/fi\/","title":{"rendered":"Home Green"},"content":{"rendered":"<p>[vc_row full_width=&#8221;stretch_row_content_no_spaces&#8221;][vc_column][rev_slider_vc alias=&#8221;main-page-fin&#8221;][\/vc_column][\/vc_row][vc_row full_width=&#8221;stretch_row_content_no_spaces&#8221;][vc_column]<section class=\"section1 three\">\r\n\t\t\t\t<div class=\"container domain_search_home\">\r\n\r\n\t\t\t\t<div class=\"two_third last\">\r\n\t\t\t\t\r\n\t\t\t\t<form method=\"POST\" id=\"domain-searchform\" action=\"https:\/\/billing.creanova.org\/domainchecker.php\">\r\n\t\t\t\t\r\n\t\t\t\t\t\t\t<input class=\"input-text\" name=\"domain\" id=\"dsearch\" value=\"\" placeholder=\"L\u00f6yd\u00e4 itsellesi sopivin verkkotunnus...\" type=\"text\" \/><select class=\"drlist\" name=\"ext\"><option>.fi<br \/><\/option><option>.com<br \/><\/option><option>.net<br \/><\/option><option>.org<br \/><\/option><option>.info<br \/><\/option><option>.biz<br \/><\/option><option>.eu<br \/><\/option><option>.us<br \/><\/option><option>.ru<br \/><\/option><option>.se<br \/><\/option><option>.su<br \/><\/option><option>.mobi<br \/><\/option><option>.in<br \/><\/option><option>.cc<br \/><\/option><option>.tv<br \/><\/option><option>.me<br \/><\/option><option>.co.uk<br \/><\/option><option>.org.uk<br \/><\/option><option>.me.uk<br \/><\/option><option>.asia<br \/><\/option><option>.name<br \/><\/option><option>.ws<\/option><\/select><input id=\"searchsubmit\" value=\"Tarkista saatavuus\" type=\"submit\" \/>\r\n\t\t\t\t<\/form>\r\n\t\t\t\t<\/div>\r\n\t\t\t\t\r\n\t\t\t\t<div class=\"one_third one last animate-in\" data-anim-type=\"bounce-in-right\" data-anim-delay=\"100\">\r\n\t\t\t\t\t<ul class=\"tld_list\">\r\n\t\t\t\t\t<li>.fi <span><br>\u20ac10<\/span><\/li>\r\n\t\t\t\t\t<li>.com <span><br>\u20ac13<\/span><\/li>\r\n\t\t\t\t\t<li>.ru <span><br>\u20ac7<\/span><\/li>\r\n\t\t\t\t\t<li class=\"last\">.org <span><br>\u20ac15<\/span><\/li>\r\n\t\t\t\t\t<\/ul>\r\n\r\n\t\t\t\t<\/div>\r\n\r\n\t\t\t\t<\/div>\r\n\t\t\t   <\/section>\r\n\t\t\t   <!-- end section 1 -->\r\n\t\t\t   <div class=\"clearfix\"><\/div>[\/vc_column][\/vc_row][vc_row full_width=&#8221;stretch_row_content_no_spaces&#8221; top_padding=&#8221;50px&#8221;][vc_column]<section class=\"section2 one\">\r\n\t\t\t\t<div class=\"container\">\r\n\t\t\t\t<div class=\"title\" >\r\n\t\t\t\t<h2><span class=\"line blueline\"><\/span><span class=\"text\">Creanova Datacenter<\/span><br>\t\t\t\t\r\n\t\t\t\tCloud, Dedicated and Shared Hosting Solutions Palvelut\r\n\t\t\t\t<em>Oy Creanova Hosting Solutions Ltd on IT-alan palveluyritys, joka tarjoaa korkeatasoisia tietoverkkopalveluja yrityksille, yhdistyksille ja yksityisille henkil\u00f6ille. Yritys on toiminut vuodesta 1996 l\u00e4htien, ja olemme tulleet tunnetuksi vahvasta osaamisesta ja konesalipalveluista. Creanovan avattua ensimm\u00e4isen oman konesalin vuonna 2006, konesalipalveluiden kasvu ja kehitys ovat jatkuneet t\u00e4h\u00e4n p\u00e4iv\u00e4\u00e4n asti. T\u00e4ll\u00e4 hetkell\u00e4 konesalimme pinta-ala on yli 350 neli\u00f6metri\u00e4 ja se on suunniteltu sadalle r\u00e4kkikaapille. Olemme kehitt\u00e4neet vuosien saatossa toimivaa ja edullista konesalikonseptia, joka pit\u00e4\u00e4 sis\u00e4ll\u00e4\u00e4n eri konesaliominaisuuksien t\u00e4ydellisen hallittavuuden, korkean k\u00e4ytett\u00e4vyyden, tietoturvan ja energiatehokkuuden.<\/p>\n<p>Ammattitaitoinen henkil\u00f6kunta ja modernit konesalimme takaavat asiakkaillemme laadukkaan, asiantuntevan ja luotettavan palvelun sek\u00e4 nopeat toimitukset. Laitesali on varustettu huippunopeilla kahdennetuilla tietoliikenneyhteyksill\u00e4, luotettavalla ilmastointij\u00e4rjestelm\u00e4ll\u00e4, palosammutusj\u00e4rjestelm\u00e4ll\u00e4 ja monitasoisella kulunvalvonnalla. Kaikki palvelumme ovat saatavilla my\u00f6s t\u00e4ysin yll\u00e4pidettyn\u00e4, jolloin otamme kokonaisvastuun asiakkaan sovellusten toiminnasta. Liikeideana on tarjota asiakkaillemme laadukkaita ja turvallisia pilvi-, konesali-, web- sek\u00e4 tukipalveluita.<\/em><\/h2>\r\n\t\t\t\t<\/div>\r\n\r\n\t\t\t\t<div class=\"features animate-in\" data-anim-type=\"fade-in-left\" data-anim-delay=\"200\">\r\n\t\t\t\t<div class=\"fe-col\">\r\n\t\t\t\t<div class=\"fe-col-wrp type1\">\r\n\t\t\t\t<div class=\"icon\"><span class=\"fa fa-desktop\"><\/span><\/div>\r\n\t\t\t\t<h2>Webpalvelut<\/h2>\r\n\t\t\t\t<p>Webhotelli on palvelupaketti, joka toimii sijoituspaikkana kotisivulle ja s\u00e4hk\u00f6postiosoitteille. Koska asiakkaiden tarpeet vaihtelevat suuresti, olemme jakaneet palvelumme useampaan valmiiseen palvelupakettiin. Halvin on suunnattu l\u00e4hinn\u00e4 kuluttajille, kun taas kallein vaativampiin tarpeisiin. K\u00e4yt\u00e4mme webhotelli palvelussa nopeaa levytilaa ja saat my\u00f6s mahdollisuuden tehd\u00e4 kotisivut helposti kotisivukoneen avulla. Voit rekister\u00f6id\u00e4 kauttamme niin kotimaisen .fi, kuin my\u00f6s kansainv\u00e4liset (esim. .com, .net, .org, .eu) verkkotunnukset.<br \/>\n<\/p>\r\n\t\t\t\t<\/div>\r\n\t\t\t\t<\/div>\r\n\t\t\t\t<\/div>\r\n\t\t\t\t<!--end col 1 -->\r\n\r\n\t\t\t\t<div class=\"features animate-in\" data-anim-type=\"fade-in-up\" data-anim-delay=\"300\">\r\n\t\t\t\t<div class=\"fe-col\">\r\n\t\t\t\t<div class=\"fe-col-wrp type1 active\">\r\n\t\t\t\t<div class=\"icon\"><span class=\"fa fa-database\"><\/span><\/div>\r\n\t\t\t\t<h2>Konesalipalvelut<\/h2>\r\n\t\t\t\t<p>Virtualisoinnin avulla voimme tarjota asiakkaille edullisia palvelinratkaisuja, jotka ovat kuitenkin toiminnaltaan ja luotettavuudeltaan perinteisten dedikoitujen palvelimien veroisia.<\/p>\n<p>Dedikoitu ratkaisumme eroaa kustannustehokkuuden ja hallinnan vaivattomuudella, koska dedikoidussa palvelinratkaisussa asiakkaan k\u00e4ytt\u00f6\u00f6n varataan kokonaan oma palvelinlaite.<\/p>\n<p>Palvelinhotelli palvelumme on suunnattu niille, jotka haluavat vastata omien palvelimien toiminnasta ja yll\u00e4pidosta itse, mutta eiv\u00e4t kuitenkaan halua investoida omaan konesaliin.<\/p>\r\n\t\t\t\t<\/div>\r\n\t\t\t\t<\/div>\r\n\t\t\t\t<\/div>\r\n\t\t\t\t<!--end col 2 -->\r\n\r\n\t\t\t\t<div class=\"features animate-in last\" data-anim-type=\"fade-in-right\" data-anim-delay=\"200\">\r\n\t\t\t\t<div class=\"fe-col\">\r\n\t\t\t\t<div class=\"fe-col-wrp type1\">\r\n\t\t\t\t<div class=\"icon\"><span class=\"fa fa-cloud\"> <\/span><\/div>\r\n\t\t\t\t<h2>Pilvipalvelut<\/h2>\r\n\t\t\t\t<p>Monipuolisen s\u00e4hk\u00f6postipalvelumme avulla saat k\u00e4ytt\u00f6\u00f6si s\u00e4hk\u00f6postilaatikoita sen verran kuin yrityksesi tarvitsee sek\u00e4 ilmaisen webmailin, josta voit lukea s\u00e4hk\u00f6postisi helposti. Siirr\u00e4 kaikki t\u00e4rke\u00e4t tietosi pilvitallennuspalveluun, ja k\u00e4yt\u00e4 tietojasi kaikissa haluamissasi p\u00e4\u00e4telaitteissa. Varmistuspalvelu on helppok\u00e4ytt\u00f6inen ja vaivaton tapa suojata ty\u00f6asemia tai palvelin tietojen h\u00e4vi\u00e4misilt\u00e4. Valitse vain haluamasi varmistustiedot ja palvelumme huolehtii turvallisesta ja automaattisesti kopioinnista meid\u00e4n omaan palvelintilaamme Helsingiss\u00e4.<\/p>\r\n\t\t\t\t<\/div>\r\n\t\t\t\t<\/div>\r\n\t\t\t\t<\/div>\r\n\t\t\t\t<!--end col 3 -->\r\n\r\n\t\t\t\t<\/div>\r\n\t\t\t\t<\/section>\r\n\t\t\t\t<div class=\"clearfix\"><\/div>[\/vc_column][\/vc_row][vc_row full_width=&#8221;stretch_row_content_no_spaces&#8221;][vc_column]<section class=\"section3 three animate-in\" data-anim-type=\"fade-in\" data-anim-delay=\"100\"> \r\n\r\n\t\t\t\t\r\n\r\n\t\t\t\t<div class=\"container\" style=\"padding:70px 0;\">\r\n\t\t\t\t<div class=\"one_half\">\r\n\t\t\t\t<div class=\"title1\">\r\n\t\t\t\t<h2><span class=\"line\"><\/span><span class=\"text one\">Meid\u00e4n<\/span><br>\r\n\t\t\t\tEtuudet ja Tarjoukset<\/h2>\r\n\t\t\t\t<\/div><h3>Alennukset jopa 10%<br>\r\n\t\t\t\tkonesalipalveluista<\/h3><img loading=\"lazy\" decoding=\"async\" width=\"480\" height=\"360\" src=\"https:\/\/creanova.org\/wp-content\/uploads\/2016\/02\/Server-1-e1475740667754.jpeg\" class=\"attachment-full\" alt=\"\" \/><\/div>\r\n\t\t\t\t<!--end col 1 -->\r\n\r\n\t\t\t\t<div class=\"one_half freesite last\">\r\n\t\t\t\t<div class=\"title1\">\r\n\t\t\t\t<h2><span class=\"line\"><\/span><span class=\"text one\">Enemm\u00e4n etua<\/span><br>\r\n\t\t\t\tAlennukset jopa 15 % VPS - ja Web<\/h2>\r\n\t\t\t\t<\/div><img loading=\"lazy\" decoding=\"async\" width=\"562\" height=\"312\" src=\"https:\/\/creanova.org\/wp-content\/uploads\/2016\/02\/site-img64-e1474457216563.png\" class=\"align_right attachment-full\" alt=\"\" \/><p><\/p><ul>\r\n\t\t\t\t<li><span class=\"fa fa-check-square-o\"><\/span>  -15% jos tilaat hostingpalvelun 12kk:ksi kerrallaan.<\/li><li><span class=\"fa fa-check-square-o\"><\/span> -15% jos tilaat VPSpalvelun 12kk:ksi kerrallaan<\/li><li><span class=\"fa fa-check-square-o\"><\/span> -10% jos tilaat Dedikoidunpalvelun 6kk:ksi kerrallaan<\/li><li><span class=\"fa fa-check-square-o\"><\/span> -10% jos tilaat Konesalipalvelun 6kk:ksi kerrallaan<\/li><\/ul><\/div>\r\n\t\t\t\t<!-- end col 2 -->\r\n\t\t\t\t<\/div>\r\n\r\n\t\t\t\t\r\n\r\n\t\t\t\t<\/section> \r\n\t\t\t\t<!-- end section 3 -->\r\n\t\t\t\t<div class=\"clearfix\"><\/div>[\/vc_column][\/vc_row][vc_row full_width=&#8221;stretch_row&#8221;][vc_column]<div class=\"title\">\r\n\t\t\t\t\t<h2 style=\"color: ;\"><span style=\"background: ;\" class=\"line blueline\"><\/span><span style=\"color: ;\" class=\"text\">Meid\u00e4n parhaat<\/span><br>\r\n\t\t\t\t\tHosting hintapaketit<em style=\"color: ;\">T\u00e4ss\u00e4 on parhaat hosting hintapaketit jotka tarjoamme Teille<\/em>\t<\/h2>\r\n\t\t\t\t<\/div>[\/vc_column][\/vc_row][vc_row bottom_padding=&#8221;100px&#8221;][vc_column width=&#8221;1\/4&#8243;][vc_empty_space height=&#8221;15px&#8221;]<div class=\"animate-in\" data-anim-type=\"fade-in-down\" data-anim-delay=\"100\">\r\n\t\t\t\t<div class=\"price-col active\">\r\n\t\t\t\t\t<div class=\"price\">\r\n\t\t\t\t\t\t<h4>\u20ac5.00<br><span>\/ kk<\/span>\t\t\t<\/h4>\r\n\t\t\t\t\t<\/div>\r\n\r\n\t\t\t\t\t<div class=\"plan-title\">\r\n\t\t\t\t\t\t<h2>Hosting Plan<\/h2>\r\n\t\t\t\t\t<\/div>\r\n\t\t\t\t\t<ul class=\"plan-list\"><li class=\"light\">10 GB Disk Space<br \/><\/li><li class=\"dark\">256 MB Memory<br \/><\/li><li class=\"light\">WHM cPanel<br \/><\/li><li class=\"dark\">Unlim Email Accounts<br \/><\/li><li class=\"light\">Unlim Bandwidth<br \/><\/li><li class=\"dark\">Daily Backup<br \/><\/li><li class=\"light\">24\/7 Full Support<\/li><\/ul>\r\n\t\t\t\t\t<div class=\"get-btn\">\r\n\t\t\t\t\t\t<a href=\"https:\/\/billing.creanova.org\/cart.php?a=add&#038;pid=3&#038;language=english\" class=\"btn darkbox active\">Osta<\/a>\r\n\t\t\t\t\t<\/div>\r\n\t\t\t\t<\/div>\r\n\t\t\t<\/div>[\/vc_column][vc_column width=&#8221;1\/4&#8243;][vc_empty_space height=&#8221;15px&#8221;]<div class=\"animate-in\" data-anim-type=\"fade-in-down\" data-anim-delay=\"100\">\r\n\t\t\t\t<div class=\"price-col active\">\r\n\t\t\t\t\t<div class=\"price\">\r\n\t\t\t\t\t\t<h4>\u20ac10.00<br><span>\/ kk<\/span>\t\t\t<\/h4>\r\n\t\t\t\t\t<\/div>\r\n\r\n\t\t\t\t\t<div class=\"plan-title\">\r\n\t\t\t\t\t\t<h2>VPS Hosting Plan<\/h2>\r\n\t\t\t\t\t<\/div>\r\n\t\t\t\t\t<ul class=\"plan-list\"><li class=\"light\">CPU 3 cores<br \/><\/li><li class=\"dark\">HDD 90 GB SAS<br \/><\/li><li class=\"light\">RAM ECC 6 GB<br \/><\/li><li class=\"dark\">KVM OpenVZ XEN<br \/><\/li><li class=\"light\">Bandwidth Unlim<br \/><\/li><li class=\"dark\">Port speed 100 Mbps<br \/><\/li><li class=\"light\">24x7x365 Full Support<\/li><\/ul>\r\n\t\t\t\t\t<div class=\"get-btn\">\r\n\t\t\t\t\t\t<a href=\"https:\/\/billing.creanova.org\/cart.php?a=add&#038;pid=68\" class=\"btn darkbox active\">Muokkaa<\/a>\r\n\t\t\t\t\t<\/div>\r\n\t\t\t\t<\/div>\r\n\t\t\t<\/div>[\/vc_column][vc_column width=&#8221;1\/4&#8243;][vc_empty_space height=&#8221;15px&#8221;]<div class=\"animate-in\" data-anim-type=\"fade-in-down\" data-anim-delay=\"100\">\r\n\t\t\t\t<div class=\"price-col \">\r\n\t\t\t\t\t<div class=\"price\">\r\n\t\t\t\t\t\t<h4>\u20ac70.00<br><span>\/ kk<\/span>\t\t\t<\/h4>\r\n\t\t\t\t\t<\/div>\r\n\r\n\t\t\t\t\t<div class=\"plan-title\">\r\n\t\t\t\t\t\t<h2>Dedicated Plan<\/h2>\r\n\t\t\t\t\t<\/div>\r\n\t\t\t\t\t<ul class=\"plan-list\"><li class=\"light\">CPU Xeon 6\/8 Cores E5-2430\/2450<br \/><\/li><li class=\"dark\">64 GB RAM (Max 192 GB)<br \/><\/li><li class=\"light\">2x250 GB SSD or 2x1TB SATA<br \/><\/li><li class=\"dark\">or 2\u0445600 GB SAS (max disks 12)<br \/><\/li><li class=\"light\">RAID Hardware ( + cache + battery )<br \/><\/li><li class=\"dark\">Port speed 100\/1000 Mbps<br \/><\/li><li class=\"light\">Full support 24x7x365<\/li><\/ul>\r\n\t\t\t\t\t<div class=\"get-btn\">\r\n\t\t\t\t\t\t<a href=\"https:\/\/billing.creanova.org\/cart.php?a=add&#038;pid=131\" class=\"btn darkbox \">Muokkaa<\/a>\r\n\t\t\t\t\t<\/div>\r\n\t\t\t\t<\/div>\r\n\t\t\t<\/div>[\/vc_column][vc_column width=&#8221;1\/4&#8243;][vc_empty_space height=&#8221;15px&#8221;]<div class=\"animate-in\" data-anim-type=\"fade-in-down\" data-anim-delay=\"100\">\r\n\t\t\t\t<div class=\"price-col \">\r\n\t\t\t\t\t<div class=\"price\">\r\n\t\t\t\t\t\t<h4>\u20ac120.00<br><span>\/ kk<\/span>\t\t\t<\/h4>\r\n\t\t\t\t\t<\/div>\r\n\r\n\t\t\t\t\t<div class=\"plan-title\">\r\n\t\t\t\t\t\t<h2>Colocation Plan<\/h2>\r\n\t\t\t\t\t<\/div>\r\n\t\t\t\t\t<ul class=\"plan-list\"><li class=\"light\">2 Units<br \/><\/li><li class=\"dark\">Power 500W<br \/><\/li><li class=\"light\">IPv4 - 2IPs<br \/><\/li><li class=\"dark\">IPv6 - \/112<br \/><\/li><li class=\"light\">Bandwidth 15TB<br \/><\/li><li class=\"dark\">Port speed 100\/1000 Mbps<br \/><\/li><li class=\"light\">24x7x365 Full Support<\/li><\/ul>\r\n\t\t\t\t\t<div class=\"get-btn\">\r\n\t\t\t\t\t\t<a href=\"https:\/\/billing.creanova.org\/cart.php?a=add&#038;pid=39\" class=\"btn darkbox \">Muokkaa<\/a>\r\n\t\t\t\t\t<\/div>\r\n\t\t\t\t<\/div>\r\n\t\t\t<\/div>[\/vc_column][\/vc_row][vc_row full_width=&#8221;stretch_row&#8221; css=&#8221;.vc_custom_1476527859705{background-image: url(https:\/\/creanova.org\/wp-content\/uploads\/2016\/02\/parallax_bg_7.png?id=97) !important;}&#8221;][vc_column]<div class=\"title4\">\r\n\t\t\t\t\t<h2 style=\"color: #ffffff;\"><span class=\"line\"><\/span>\r\n\t\t\t\t\tMiksi olemme parempia kuin kilpailijamme\t<\/h2>\r\n\t\t\t\t<\/div>[vc_empty_space height=&#8221;30px&#8221;][vc_column_text]<\/p>\n<p style=\"text-align: center;\">K\u00e4yt\u00e4mme ainoastaan laadukkaita palvelinvalmistajia (HP Dell Supermicro) ja vain testattuja komponentteja.<br \/>\nTarjoamme t\u00e4yden valikoiman konesalipalveluista Suomessa.<br \/>\nMeid\u00e4n Suomalainen konesali sopii erinomaisesti asiakkaille jotka toimivat EU markkinoilla ja muualla maailmanlaajuisesti.<br \/>\nYmm\u00e4rr\u00e4mme my\u00f6s, ett\u00e4 nopea palvelin on ratkaisevassa asemassa <a style=\"color: white;\" href=\"http:\/\/seoseon.com\/fi\/hakukoneoptimointi\/\" target=\"_blank\" rel=\"noopener noreferrer\">verkkosivuston hakukoneoptimointia<\/a> teht\u00e4ess\u00e4.<br \/>\nMyymme my\u00f6s palvelimia ja verkkotuotteita asiakkailemme jotka haluavat sijoittaa laitteit\u00e4 konesaliimme.<\/p>\n<p>[\/vc_column_text][vc_empty_space height=&#8221;50px&#8221;][vc_row_inner][vc_column_inner width=&#8221;1\/3&#8243;]<div class=\"section_new\">\r\n\t\t\t\t<div class=\"animate-in\" data-anim-type=\"fade-in-up\" data-anim-delay=\"100\">\r\n\t\t\t\t\t<div class=\"fea-col\" style=\"width: 100% !important;\">\r\n\t\t\t\t\t<div class=\"icon\"><span class=\"fa  fa-database\"><\/span><\/div>\r\n\t\t\t\t\t<div class=\"bref-info last\">\r\n\t\t\t\t\t<h5>Backup Palvelu<\/h5>\r\n\t\t\t\t\t<p>Me tarjoamme Teille varmistustilaa t\u00e4ysin ilmaiseksi.<br \/>\nKaikille konesalipalveluillemme (dedicated, VPS, shared, colocation) <\/p>\r\n\t\t\t\t\t<\/div>\r\n\t\t\t\t\t<\/div>\r\n\t\t\t\t<\/div>\r\n\t\t\t\t<\/div>[\/vc_column_inner][vc_column_inner width=&#8221;1\/3&#8243;]<div class=\"section_new\">\r\n\t\t\t\t<div class=\"animate-in\" data-anim-type=\"fade-in-up\" data-anim-delay=\"100\">\r\n\t\t\t\t\t<div class=\"fea-col\" style=\"width: 100% !important;\">\r\n\t\t\t\t\t<div class=\"icon\"><span class=\"fa  fa-rocket\"><\/span><\/div>\r\n\t\t\t\t\t<div class=\"bref-info last\">\r\n\t\t\t\t\t<h5>Rajaton liikenne<\/h5>\r\n\t\t\t\t\t<p>Konesalimme on luotettavasti varmennettu, kuitu on yhdistetty useiden operaattorien runkoverkkoihin.<br \/>\nKokonaikapasiteettii on yli 100 Gbps<\/p>\r\n\t\t\t\t\t<\/div>\r\n\t\t\t\t\t<\/div>\r\n\t\t\t\t<\/div>\r\n\t\t\t\t<\/div>[\/vc_column_inner][vc_column_inner width=&#8221;1\/3&#8243;]<div class=\"section_new\">\r\n\t\t\t\t<div class=\"animate-in\" data-anim-type=\"fade-in-up\" data-anim-delay=\"100\">\r\n\t\t\t\t\t<div class=\"fea-col\" style=\"width: 100% !important;\">\r\n\t\t\t\t\t<div class=\"icon\"><span class=\"fa  fa-lock\"><\/span><\/div>\r\n\t\t\t\t\t<div class=\"bref-info last\">\r\n\t\t\t\t\t<h5>High Level Security<\/h5>\r\n\t\t\t\t\t<p>100% data confidentiality;<br \/>\nKorkean tason turvallisuus vastaten ISO 27001-standardia<\/p>\r\n\t\t\t\t\t<\/div>\r\n\t\t\t\t\t<\/div>\r\n\t\t\t\t<\/div>\r\n\t\t\t\t<\/div>[\/vc_column_inner][\/vc_row_inner][vc_row_inner][vc_column_inner width=&#8221;1\/3&#8243;]<div class=\"section_new\">\r\n\t\t\t\t<div class=\"animate-in\" data-anim-type=\"fade-in-up\" data-anim-delay=\"100\">\r\n\t\t\t\t\t<div class=\"fea-col\" style=\"width: 100% !important;\">\r\n\t\t\t\t\t<div class=\"icon\"><span class=\"fa  fa-thumbs-o-up\"><\/span><\/div>\r\n\t\t\t\t\t<div class=\"bref-info last\">\r\n\t\t\t\t\t<h5> Reliable Hardware<\/h5>\r\n\t\t\t\t\t<p>K\u00e4yt\u00e4mme ainoastaan laadukkaita palvelinvalmistajia (HP,DELL,Supermicro)<br \/>\n<\/p>\r\n\t\t\t\t\t<\/div>\r\n\t\t\t\t\t<\/div>\r\n\t\t\t\t<\/div>\r\n\t\t\t\t<\/div>[\/vc_column_inner][vc_column_inner width=&#8221;1\/3&#8243;]<div class=\"section_new\">\r\n\t\t\t\t<div class=\"animate-in\" data-anim-type=\"fade-in-up\" data-anim-delay=\"100\">\r\n\t\t\t\t\t<div class=\"fea-col\" style=\"width: 100% !important;\">\r\n\t\t\t\t\t<div class=\"icon\"><span class=\"fa  fa-users\"><\/span><\/div>\r\n\t\t\t\t\t<div class=\"bref-info last\">\r\n\t\t\t\t\t<h5>Ammattitaitoinen henkil\u00f6kunta<\/h5>\r\n\t\t\t\t\t<p>Meill\u00e4 on eritt\u00e4in ammattitaitionen ja kokenut ryhm\u00e4<\/p>\r\n\t\t\t\t\t<\/div>\r\n\t\t\t\t\t<\/div>\r\n\t\t\t\t<\/div>\r\n\t\t\t\t<\/div>[\/vc_column_inner][vc_column_inner width=&#8221;1\/3&#8243;]<div class=\"section_new\">\r\n\t\t\t\t<div class=\"animate-in\" data-anim-type=\"fade-in-up\" data-anim-delay=\"100\">\r\n\t\t\t\t\t<div class=\"fea-col\" style=\"width: 100% !important;\">\r\n\t\t\t\t\t<div class=\"icon\"><span class=\"fa  fa-level-up\"><\/span><\/div>\r\n\t\t\t\t\t<div class=\"bref-info last\">\r\n\t\t\t\t\t<h5>Takaamme 99.85% k\u00e4ytett\u00e4vyysajan.<\/h5>\r\n\t\t\t\t\t<p>24X7 Tukipalvelu,<br \/>\nJoustava maksuaika ja erikoisalennuksia tarjolla<\/p>\r\n\t\t\t\t\t<\/div>\r\n\t\t\t\t\t<\/div>\r\n\t\t\t\t<\/div>\r\n\t\t\t\t<\/div>[\/vc_column_inner][\/vc_row_inner][\/vc_column][\/vc_row][vc_row][vc_column]<section class=\"section10\">\r\n\t\t\t\t<div class=\"container\">\r\n\t\t\t\t<div class=\"title\">\r\n\t\t\t\t<h2><span class=\"line blueline\"><\/span><span class=\"text\">T\u00e4rkeint\u00e4 meille<\/span><br>\r\n\t\t\t\tJokainen asiakas on arvokas meille\r\n\t\t\t\t<em>Meid\u00e4n yrityksen palvelut on tarkoitettu palvelemaan yrityksij\u00e4 ja yksityisij\u00e4 asiakkaita parhaalla mahdollisella tavalla. Tarjoamme asiakkaillemme erilaisia vaihtoehtoja, yksitt\u00e4isi\u00e4 palvelimia tai kokonaisia r\u00e4kkikaappeja.<br \/>\nT\u00e4n\u00e4\u00e4n tuhannet asiakkaamme mailmanlajuisesti k\u00e4ytt\u00e4v\u00e4t meid\u00e4n konesalipalvelujamme.<br \/>\nYksittyisist\u00e4 asiakkaista suuriin kauppallisiin yrityksiin, kuten pankki - ja vakuutus yhti\u00f6ihin, suuriin tehdaslaitoksiin.<br \/>\n<\/em><\/h2>\r\n\t\t\t\t<\/div>\r\n\t\t\t\t<div class=\"clearfix margin_top1\"><\/div><\/div>\r\n\t\t\t\t<\/section>\r\n\t\t\t\t<!-- end section 10 -->\r\n\t\t\t\t<div class=\"clearfix\"><\/div>[\/vc_column][\/vc_row][vc_row][vc_column width=&#8221;1\/4&#8243;][vc_single_image image=&#8221;1557&#8243; img_size=&#8221;150&#215;181&#8243; onclick=&#8221;link_image&#8221; css_animation=&#8221;appear&#8221;][\/vc_column][vc_column width=&#8221;1\/4&#8243;][vc_single_image image=&#8221;1572&#8243; img_size=&#8221;185&#215;115&#8243; onclick=&#8221;link_image&#8221; css_animation=&#8221;appear&#8221;][\/vc_column][vc_column width=&#8221;1\/4&#8243;][vc_single_image image=&#8221;1546&#8243; onclick=&#8221;link_image&#8221; css_animation=&#8221;appear&#8221;][\/vc_column][vc_column width=&#8221;1\/4&#8243;][vc_single_image image=&#8221;1565&#8243; img_size=&#8221;180&#215;140&#8243; onclick=&#8221;link_image&#8221; css_animation=&#8221;appear&#8221;][\/vc_column][\/vc_row]<\/p>","protected":false},"excerpt":{"rendered":"<p>[vc_row full_width=&#8221;stretch_row_content_no_spaces&#8221;][vc_column][rev_slider_vc alias=&#8221;main-page-fin&#8221;][\/vc_column][\/vc_row][vc_row full_width=&#8221;stretch_row_content_no_spaces&#8221;][vc_column][\/vc_column][\/vc_row][vc_row full_width=&#8221;stretch_row_content_no_spaces&#8221; top_padding=&#8221;50px&#8221;][vc_column][\/vc_column][\/vc_row][vc_row full_width=&#8221;stretch_row_content_no_spaces&#8221;][vc_column][\/vc_column][\/vc_row][vc_row full_width=&#8221;stretch_row&#8221;][vc_column][\/vc_column][\/vc_row][vc_row bottom_padding=&#8221;100px&#8221;][vc_column width=&#8221;1\/4&#8243;][vc_empty_space height=&#8221;15px&#8221;][\/vc_column][vc_column width=&#8221;1\/4&#8243;][vc_empty_space height=&#8221;15px&#8221;][\/vc_column][vc_column width=&#8221;1\/4&#8243;][vc_empty_space height=&#8221;15px&#8221;][\/vc_column][vc_column width=&#8221;1\/4&#8243;][vc_empty_space height=&#8221;15px&#8221;][\/vc_column][\/vc_row][vc_row full_width=&#8221;stretch_row&#8221; css=&#8221;.vc_custom_1476527859705{background-image: url(https:\/\/creanova.org\/wp-content\/uploads\/2016\/02\/parallax_bg_7.png?id=97) !important;}&#8221;][vc_column][vc_empty_space height=&#8221;30px&#8221;][vc_column_text] K\u00e4yt\u00e4mme ainoastaan laadukkaita palvelinvalmistajia (HP Dell Supermicro) ja vain testattuja komponentteja. Tarjoamme t\u00e4yden valikoiman konesalipalveluista Suomessa. Meid\u00e4n Suomalainen konesali sopii erinomaisesti asiakkaille jotka toimivat EU markkinoilla ja muualla maailmanlaajuisesti. Ymm\u00e4rr\u00e4mme my\u00f6s, ett\u00e4 nopea palvelin on ratkaisevassa asemassa verkkosivuston hakukoneoptimointia teht\u00e4ess\u00e4. Myymme my\u00f6s palvelimia [&hellip;]<\/p>\n","protected":false},"author":1,"featured_media":0,"parent":0,"menu_order":0,"comment_status":"closed","ping_status":"closed","template":"page-vc.php","meta":{"footnotes":""},"class_list":["post-201","page","type-page","status-publish","hentry"],"_links":{"self":[{"href":"https:\/\/creanova.org\/fi\/wp-json\/wp\/v2\/pages\/201","targetHints":{"allow":["GET"]}}],"collection":[{"href":"https:\/\/creanova.org\/fi\/wp-json\/wp\/v2\/pages"}],"about":[{"href":"https:\/\/creanova.org\/fi\/wp-json\/wp\/v2\/types\/page"}],"author":[{"embeddable":true,"href":"https:\/\/creanova.org\/fi\/wp-json\/wp\/v2\/users\/1"}],"replies":[{"embeddable":true,"href":"https:\/\/creanova.org\/fi\/wp-json\/wp\/v2\/comments?post=201"}],"version-history":[{"count":203,"href":"https:\/\/creanova.org\/fi\/wp-json\/wp\/v2\/pages\/201\/revisions"}],"predecessor-version":[{"id":2027,"href":"https:\/\/creanova.org\/fi\/wp-json\/wp\/v2\/pages\/201\/revisions\/2027"}],"wp:attachment":[{"href":"https:\/\/creanova.org\/fi\/wp-json\/wp\/v2\/media?parent=201"}],"curies":[{"name":"wp","href":"https:\/\/api.w.org\/{rel}","templated":true}]}}