{"id":184,"date":"2016-02-04T11:40:37","date_gmt":"2016-02-04T11:40:37","guid":{"rendered":"http:\/\/fluentthemes.com\/wp\/zionhost\/?page_id=184"},"modified":"2025-01-14T11:09:13","modified_gmt":"2025-01-14T09:09:13","slug":"colocation","status":"publish","type":"page","link":"https:\/\/creanova.org\/fi\/colocation\/","title":{"rendered":"Palvelinhotelli"},"content":{"rendered":"<p>[vc_row full_width=&#8221;stretch_row_content_no_spaces&#8221;][vc_column][rev_slider_vc alias=&#8221;colocation-fin&#8221;][\/vc_column][\/vc_row][vc_row top_padding=&#8221;60px&#8221;][vc_column]<div class=\"title4\">\r\n\t\t\t\t\t<h2 style=\"color: #222222;\"><span class=\"line\"><\/span>\r\n\t\t\t\t\tPalvelinhotelli<em style=\"color: #989898;\"><br \/>\nPalvelinhotellipalvelumme on suunnattu niille, jotka haluavat vastata palvelimen toiminnasta ja yll\u00e4pidosta itse, mutta eiv\u00e4t kuitenkaan halua investoida omaan palvelinsaliin. Vuokraa meilt\u00e4 laitepaikka tai vaikka kokonainen kaappi. Autamme mielell\u00e4mme my\u00f6s k\u00e4ytt\u00f6\u00f6notoissa ja yll\u00e4pidossa. Palvelinhotelliimme on mahdollista saada jopa 10Gbit\/s yhteysnopeus tarvittaessa.<\/em>\t<\/h2>\r\n\t\t\t\t<\/div>[\/vc_column][\/vc_row][vc_row full_width=&#8221;stretch_row&#8221; parallax=&#8221;content-moving&#8221; parallax_image=&#8221;180&#8243; top_padding=&#8221;60px&#8221; bottom_padding=&#8221;10px&#8221;][vc_column]<div class=\"title4\">\r\n\t\t\t\t\t<h2 style=\"color: ;\"><span class=\"line\"><\/span>\r\n\t\t\t\t\tMeid\u00e4n konesalipalvelumme hinnat<em style=\"color: ;\">Ole hyv\u00e4 valitse ja muokkaa tarvittaessa sopivin kokoonpano<\/em>\t<\/h2>\r\n\t\t\t\t<\/div>[vc_empty_space height=&#8221;90px&#8221;][vc_row_inner][vc_column_inner width=&#8221;1\/4&#8243;]<div class=\"pricing-new two\">\r\n\t\t\t<div class=\"animate-in\" data-anim-type=\"bounce-in-right\" data-anim-delay=\"200\">\r\n\t\t\t\t<div class=\"price-col one \">\r\n\t\t\t\t\t<div class=\"shape-box\">\r\n\t\t\t\t\t<div class=\"diamond-shape\">\r\n\t\t\t\t\t<div class=\"prices\">\r\n\t\t\t\t\t\t\u20ac80.00<br><span>\/ kk<\/span>\t\t\t\r\n\t\t\t\t\t<\/div>\r\n\t\t\t\t\t<\/div>\r\n\t\t\t\t\t<\/div>\r\n\r\n\t\t\t\t\t<div class=\"plan-title\">\r\n\t\t\t\t\t\t<h2>CC #1<\/h2>\r\n\t\t\t\t\t<\/div>\r\n\t\t\t\t\t<ul class=\"plan-list\"><li class=\"light\">1 Unit<br \/><\/li><li class=\"dark\">Power 350W<br \/><\/li><li class=\"light\">Bandwidth 30Tb<br \/><\/li><li class=\"dark\">IP addresses IPv4 2<br \/><\/li><li class=\"light\">IP addresses IPv6 \/112<br \/><\/li><li class=\"dark\">Port speed 1Gbps<\/li><\/ul>\r\n\t\t\t\t\t<div class=\"get-btn\">\r\n\t\t\t\t\t\t<a href=\"https:\/\/billing.creanova.org\/cart.php?a=add&#038;pid=38\" class=\"btn darkbox \">Muokkaa<\/a>\r\n\t\t\t\t\t<\/div>\r\n\t\t\t\t<\/div>\r\n\t\t\t<\/div>\r\n\t\t\t<\/div>[vc_empty_space height=&#8221;70px&#8221;][\/vc_column_inner][vc_column_inner width=&#8221;1\/4&#8243;]<div class=\"pricing-new two\">\r\n\t\t\t<div class=\"animate-in\" data-anim-type=\"bounce-in-right\" data-anim-delay=\"200\">\r\n\t\t\t\t<div class=\"price-col one active\">\r\n\t\t\t\t\t<div class=\"shape-box\">\r\n\t\t\t\t\t<div class=\"diamond-shape\">\r\n\t\t\t\t\t<div class=\"prices\">\r\n\t\t\t\t\t\t\u20ac120<br><span>\/ kk<\/span>\t\t\t\r\n\t\t\t\t\t<\/div>\r\n\t\t\t\t\t<\/div>\r\n\t\t\t\t\t<\/div>\r\n\r\n\t\t\t\t\t<div class=\"plan-title\">\r\n\t\t\t\t\t\t<h2>CC #2<\/h2>\r\n\t\t\t\t\t<\/div>\r\n\t\t\t\t\t<ul class=\"plan-list\"><li class=\"light\">2 Units<br \/><\/li><li class=\"dark\">Power 500W<br \/><\/li><li class=\"light\">Bandwidth 30Tb<br \/><\/li><li class=\"dark\">IP addresses IPv4 2<br \/><\/li><li class=\"light\">IP addresses IPv6 \/112<br \/><\/li><li class=\"dark\">Port speed 1Gbps<\/li><\/ul>\r\n\t\t\t\t\t<div class=\"get-btn\">\r\n\t\t\t\t\t\t<a href=\"https:\/\/billing.creanova.org\/cart.php?a=add&#038;pid=39\" class=\"btn darkbox active\">Muokkaa<\/a>\r\n\t\t\t\t\t<\/div>\r\n\t\t\t\t<\/div>\r\n\t\t\t<\/div>\r\n\t\t\t<\/div>[vc_empty_space height=&#8221;70px&#8221;][\/vc_column_inner][vc_column_inner width=&#8221;1\/4&#8243;]<div class=\"pricing-new two\">\r\n\t\t\t<div class=\"animate-in\" data-anim-type=\"bounce-in-right\" data-anim-delay=\"200\">\r\n\t\t\t\t<div class=\"price-col one \">\r\n\t\t\t\t\t<div class=\"shape-box\">\r\n\t\t\t\t\t<div class=\"diamond-shape\">\r\n\t\t\t\t\t<div class=\"prices\">\r\n\t\t\t\t\t\t\u20ac200<br><span>\/ kk<\/span>\t\t\t\r\n\t\t\t\t\t<\/div>\r\n\t\t\t\t\t<\/div>\r\n\t\t\t\t\t<\/div>\r\n\r\n\t\t\t\t\t<div class=\"plan-title\">\r\n\t\t\t\t\t\t<h2>CC #3<\/h2>\r\n\t\t\t\t\t<\/div>\r\n\t\t\t\t\t<ul class=\"plan-list\"><li class=\"light\">4 Units<br \/><\/li><li class=\"dark\">Power 1000W<br \/><\/li><li class=\"light\">Bandwidth 50Tb<br \/><\/li><li class=\"dark\">IP addresses IPv4 4<br \/><\/li><li class=\"light\">IP addresses IPv6 \/112<br \/><\/li><li class=\"dark\">Port speed 1Gbps<\/li><\/ul>\r\n\t\t\t\t\t<div class=\"get-btn\">\r\n\t\t\t\t\t\t<a href=\"https:\/\/billing.creanova.org\/cart.php?a=add&#038;pid=80\" class=\"btn darkbox \">Muokkaa<\/a>\r\n\t\t\t\t\t<\/div>\r\n\t\t\t\t<\/div>\r\n\t\t\t<\/div>\r\n\t\t\t<\/div>[vc_empty_space height=&#8221;70px&#8221;][\/vc_column_inner][vc_column_inner width=&#8221;1\/4&#8243;]<div class=\"pricing-new two\">\r\n\t\t\t<div class=\"animate-in\" data-anim-type=\"bounce-in-right\" data-anim-delay=\"200\">\r\n\t\t\t\t<div class=\"price-col one active\">\r\n\t\t\t\t\t<div class=\"shape-box\">\r\n\t\t\t\t\t<div class=\"diamond-shape\">\r\n\t\t\t\t\t<div class=\"prices\">\r\n\t\t\t\t\t\t\u20ac400<br><span>\/ kk<\/span>\t\t\t\r\n\t\t\t\t\t<\/div>\r\n\t\t\t\t\t<\/div>\r\n\t\t\t\t\t<\/div>\r\n\r\n\t\t\t\t\t<div class=\"plan-title\">\r\n\t\t\t\t\t\t<h2>CC #4<\/h2>\r\n\t\t\t\t\t<\/div>\r\n\t\t\t\t\t<ul class=\"plan-list\"><li class=\"light\">12 Units<br \/><\/li><li class=\"dark\">Power 1500W<br \/><\/li><li class=\"light\">Bandwidth 100Tb<br \/><\/li><li class=\"dark\">IP addresses IPv4 8<br \/><\/li><li class=\"light\">IP addresses IPv6 \/112<br \/><\/li><li class=\"dark\">Port speed 1Gbps<\/li><\/ul>\r\n\t\t\t\t\t<div class=\"get-btn\">\r\n\t\t\t\t\t\t<a href=\"https:\/\/billing.creanova.org\/cart.php?a=add&#038;pid=82\" class=\"btn darkbox active\">Muokkaa<\/a>\r\n\t\t\t\t\t<\/div>\r\n\t\t\t\t<\/div>\r\n\t\t\t<\/div>\r\n\t\t\t<\/div>[vc_empty_space height=&#8221;70px&#8221;][\/vc_column_inner][\/vc_row_inner][vc_row_inner][vc_column_inner width=&#8221;1\/4&#8243;][\/vc_column_inner][vc_column_inner width=&#8221;1\/4&#8243;]<div class=\"pricing-new two\">\r\n\t\t\t<div class=\"animate-in\" data-anim-type=\"bounce-in-right\" data-anim-delay=\"200\">\r\n\t\t\t\t<div class=\"price-col one \">\r\n\t\t\t\t\t<div class=\"shape-box\">\r\n\t\t\t\t\t<div class=\"diamond-shape\">\r\n\t\t\t\t\t<div class=\"prices\">\r\n\t\t\t\t\t\t\u20ac600<br><span>\/ kk<\/span>\t\t\t\r\n\t\t\t\t\t<\/div>\r\n\t\t\t\t\t<\/div>\r\n\t\t\t\t\t<\/div>\r\n\r\n\t\t\t\t\t<div class=\"plan-title\">\r\n\t\t\t\t\t\t<h2>CC #5<\/h2>\r\n\t\t\t\t\t<\/div>\r\n\t\t\t\t\t<ul class=\"plan-list\"><li class=\"light\">22 Units<br \/><\/li><li class=\"dark\">Power 2000W<br \/><\/li><li class=\"light\">Bandwidth 200Tb<br \/><\/li><li class=\"dark\">IP addresses IPv4 16<br \/><\/li><li class=\"light\">IP addresses IPv6 \/112<br \/><\/li><li class=\"dark\">Port speed 1Gbps<\/li><\/ul>\r\n\t\t\t\t\t<div class=\"get-btn\">\r\n\t\t\t\t\t\t<a href=\"https:\/\/billing.creanova.org\/cart.php?a=add&#038;pid=81\" class=\"btn darkbox \">Muokkaa<\/a>\r\n\t\t\t\t\t<\/div>\r\n\t\t\t\t<\/div>\r\n\t\t\t<\/div>\r\n\t\t\t<\/div>[vc_empty_space height=&#8221;70px&#8221;][\/vc_column_inner][vc_column_inner width=&#8221;1\/4&#8243;]<div class=\"pricing-new two\">\r\n\t\t\t<div class=\"animate-in\" data-anim-type=\"bounce-in-right\" data-anim-delay=\"200\">\r\n\t\t\t\t<div class=\"price-col one active\">\r\n\t\t\t\t\t<div class=\"shape-box\">\r\n\t\t\t\t\t<div class=\"diamond-shape\">\r\n\t\t\t\t\t<div class=\"prices\">\r\n\t\t\t\t\t\t\u20ac1000<br><span>\/ kk<\/span>\t\t\t\r\n\t\t\t\t\t<\/div>\r\n\t\t\t\t\t<\/div>\r\n\t\t\t\t\t<\/div>\r\n\r\n\t\t\t\t\t<div class=\"plan-title\">\r\n\t\t\t\t\t\t<h2>CC #6<\/h2>\r\n\t\t\t\t\t<\/div>\r\n\t\t\t\t\t<ul class=\"plan-list\"><li class=\"light\">42 Units<br \/><\/li><li class=\"dark\">Power 4000W<br \/><\/li><li class=\"light\">Bandwidth unlimited<br \/><\/li><li class=\"dark\">IP addresses IPv4 32<br \/><\/li><li class=\"light\">IP addresses IPv6 \/112<br \/><\/li><li class=\"dark\">Port speed 1Gbps<\/li><\/ul>\r\n\t\t\t\t\t<div class=\"get-btn\">\r\n\t\t\t\t\t\t<a href=\"https:\/\/billing.creanova.org\/cart.php?a=add&#038;pid=57\" class=\"btn darkbox active\">Muokkaa<\/a>\r\n\t\t\t\t\t<\/div>\r\n\t\t\t\t<\/div>\r\n\t\t\t<\/div>\r\n\t\t\t<\/div>[vc_empty_space height=&#8221;70px&#8221;][\/vc_column_inner][vc_column_inner width=&#8221;1\/4&#8243;][\/vc_column_inner][\/vc_row_inner][\/vc_column][\/vc_row][vc_row][vc_column width=&#8221;1\/3&#8243;][vc_empty_space height=&#8221;70px&#8221;]<div class=\"features_table_new\">\r\n\t\t\t<div class=\"table-style\">\r\n            <table class=\"table-list3\">\r\n              <tbody>\r\n\t\t\t\t<tr><th>Lis\u00e4virta<br \/><\/th><th>Hinta<\/th><\/tr>\r\n\t\t\t\t\r\n\t\t\t\t<tr><td>Power 1KW<br \/><\/td><td>210\u20ac<\/td><\/tr>\r\n\t\t\t\t\r\n\t\t\t\t<tr><td class=\"hilit\">Power 2KW<br \/><\/td><td class=\"hilit\">420\u20ac<\/td><\/tr>\r\n\t\t\t\t\r\n\t\t\t\t<tr><td>Power 3KW<br \/><\/td><td>630\u20ac<\/td><\/tr>\r\n\t\t\t\t\r\n\t\t\t   <\/tbody>\r\n\t\t\t<\/table>\r\n\t\t\t<\/div>\r\n\t\t\t<\/div>[\/vc_column][vc_column width=&#8221;1\/3&#8243;][vc_empty_space height=&#8221;70px&#8221;]<div class=\"features_table_new\">\r\n\t\t\t<div class=\"table-style\">\r\n            <table class=\"table-list3\">\r\n              <tbody>\r\n\t\t\t\t<tr><th>IP laajennus<br \/><\/th><th>Hinta<\/th><\/tr>\r\n\t\t\t\t\r\n\t\t\t\t<tr><td>Additional 1IPv4 (each)<br \/><\/td><td>1,4 eur\/kk<\/td><\/tr>\r\n\t\t\t\t\r\n\t\t\t\t<tr><td class=\"hilit\">IP subnet \/25<br \/><\/td><td class=\"hilit\">130 eur\/kk<\/td><\/tr>\r\n\t\t\t\t\r\n\t\t\t\t<tr><td>IP subnet \/24<br \/><\/td><td>250 eur\/kk<\/td><\/tr>\r\n\t\t\t\t\r\n\t\t\t\t<tr><td class=\"hilit\">\/112 IPv6 prefix<br \/><\/td><td class=\"hilit\">0 eur\/kk<\/td><\/tr>\r\n\t\t\t\t\r\n\t\t\t\t<tr><td>\/64 IPv6 prefix<br \/><\/td><td>10 eur\/kk<\/td><\/tr>\r\n\t\t\t\t\r\n\t\t\t\t<tr><td class=\"hilit\">BGP IPv4\/IPv6 - own prefix, own AS announce<br \/><\/td><td class=\"hilit\">30.00 eur\/kk + 20.00 eur\/setup<\/td><\/tr>\r\n\t\t\t\t\r\n\t\t\t\t<tr><td>BGP IPv4\/IPv6 - own prefix, under our AS announce<br \/><\/td><td>50.00 eur\/kk + 20.00 eur\/setup<\/td><\/tr>\r\n\t\t\t\t\r\n\t\t\t   <\/tbody>\r\n\t\t\t<\/table>\r\n\t\t\t<\/div>\r\n\t\t\t<\/div>[\/vc_column][vc_column width=&#8221;1\/3&#8243;][vc_empty_space height=&#8221;70px&#8221;]<div class=\"features_table_new\">\r\n\t\t\t<div class=\"table-style\">\r\n            <table class=\"table-list3\">\r\n              <tbody>\r\n\t\t\t\t<tr><th>Additional features<br \/><\/th><th>Hinta<\/th><\/tr>\r\n\t\t\t\t\r\n\t\t\t\t<tr><td>Cisco ASA 5525<br \/><\/td><td>25 eur\/mo<\/td><\/tr>\r\n\t\t\t\t\r\n\t\t\t\t<tr><td class=\"hilit\">Cisco ASA 5550 8GE<br \/><\/td><td class=\"hilit\">30 eur\/mo<\/td><\/tr>\r\n\t\t\t\t\r\n\t\t\t\t<tr><td>Mikrotik 1100AHx4 Router<br \/><\/td><td>25 eur\/mo<\/td><\/tr>\r\n\t\t\t\t\r\n\t\t\t\t<tr><td class=\"hilit\">Zyxel ZyWALL USG 2000 Router<br \/><\/td><td class=\"hilit\">30 eur\/mo<\/td><\/tr>\r\n\t\t\t\t\r\n\t\t\t\t<tr><td>Cisco ASA X5545<br \/><\/td><td>40 eur\/mo<\/td><\/tr>\r\n\t\t\t\t\r\n\t\t\t\t<tr><td class=\"hilit\">Cisco ASA X5550<br \/><\/td><td class=\"hilit\">45 eur\/mo<\/td><\/tr>\r\n\t\t\t\t\r\n\t\t\t\t<tr><td>MikroTik Cloud Core Router CCR 8-16 G \/ 2-4 SFP+<br \/><\/td><td>45 eur\/mo<\/td><\/tr>\r\n\t\t\t\t\r\n\t\t\t\t<tr><td class=\"hilit\">MikroTik Cloud Core Router CCR 8-16 SFP+<br \/><\/td><td class=\"hilit\">45 eur\/mo<\/td><\/tr>\r\n\t\t\t\t\r\n\t\t\t\t<tr><td>Connection speed 10Gbit\/s unlim<br \/><\/td><td>1500 eur\/mo<\/td><\/tr>\r\n\t\t\t\t\r\n\t\t\t\t<tr><td class=\"hilit\">Connection speed 40Gbit\/s unlim<br \/><\/td><td class=\"hilit\">by agreement<\/td><\/tr>\r\n\t\t\t\t\r\n\t\t\t   <\/tbody>\r\n\t\t\t<\/table>\r\n\t\t\t<\/div>\r\n\t\t\t<\/div>[\/vc_column][\/vc_row][vc_row top_padding=&#8221;40px&#8221;][vc_column][vc_empty_space height=&#8221;40px&#8221;]<ul class=\"tabs7\"><li  class=\"active\"><a href=\"#example-7-tab-1\" target=\"_self\">Lis\u00e4tietoa<\/a><\/li><li ><a href=\"#example-7-tab-2\" target=\"_self\">Palvelimien hankinta<\/a><\/li>\t<\/ul><div class=\"tabs-content7\"><div class=\"tabs-panel7\" id=\"example-7-tab-1\">\r\n\t\t\t\t\t\t\t\t\t\t\r\n                                        <img loading=\"lazy\" decoding=\"async\" width=\"240\" height=\"294\" src=\"https:\/\/creanova.org\/wp-content\/uploads\/2016\/02\/site-img11.png\" class=\"img_left1 attachment-full\" alt=\"\" \/>\r\n                                    <p>K\u00e4ytt\u00f6\u00f6notto:<br \/>\nAsiantuntijamme antavat tukea k\u00e4ytt\u00f6\u00f6nottovaiheen ongelmatilanteissa sek\u00e4 tarvittaessa auttavat palvelimen konfiguroinnissa maksutta. Autamme my\u00f6s nykyisten palvelimien siirrosta Creanovan konesaliin maksutta. Voit tilata meilt\u00e4 avaimet k\u00e4teen palvelun; aikataulutamme asennuksen sek\u00e4 m\u00e4\u00e4rittelemme yrityksellenne sopivat palvelut meid\u00e4n konesalista.<\/p>\n<p>Yleistieto:<br \/>\nMinimi vuokra-aika 1kk<br \/>\nMik\u00e4li et l\u00f6yt\u00e4nyt sopivaa vaihtoehtoa valmiiden kokoonpanojemme joukosta tai haluat keskustella myyntihenkil\u00f6st\u00f6mme kanssa tarkemmista yksityiskohdista, voit toivomastasi kokonaisuudesta<br \/>\nLis\u00e4tila ja lis\u00e4palvelut hinnoiteltu erikseen (kts. hinnasto)<\/p>\r\n                                <\/div><div class=\"tabs-panel7\" id=\"example-7-tab-2\" style=\"display: none;\">\r\n\t\t\t\t\t\t\t\t\t\t\r\n                                        <img loading=\"lazy\" decoding=\"async\" width=\"240\" height=\"294\" src=\"https:\/\/creanova.org\/wp-content\/uploads\/2016\/02\/site-img11.png\" class=\"img_left1 attachment-full\" alt=\"\" \/>\r\n                                    <p>Autamme teit\u00e4 omien palvelimien ja verkkotuotteiden suunnittelussa, hankinnassa ja k\u00e4ytt\u00f6\u00f6notossa.<br \/>\nMe voimme tarjota Teille pitk\u00e4n kokemuksemme perusteella erilaisia palvelinratkaisuja k\u00e4ytt\u00f6\u00f6si.<\/p>\r\n                                <\/div><\/div>[\/vc_column][\/vc_row]<\/p>","protected":false},"excerpt":{"rendered":"<p>[vc_row full_width=&#8221;stretch_row_content_no_spaces&#8221;][vc_column][rev_slider_vc alias=&#8221;colocation-fin&#8221;][\/vc_column][\/vc_row][vc_row top_padding=&#8221;60px&#8221;][vc_column][\/vc_column][\/vc_row][vc_row full_width=&#8221;stretch_row&#8221; parallax=&#8221;content-moving&#8221; parallax_image=&#8221;180&#8243; top_padding=&#8221;60px&#8221; bottom_padding=&#8221;10px&#8221;][vc_column][vc_empty_space height=&#8221;90px&#8221;][vc_row_inner][vc_column_inner width=&#8221;1\/4&#8243;][vc_empty_space height=&#8221;70px&#8221;][\/vc_column_inner][vc_column_inner width=&#8221;1\/4&#8243;][vc_empty_space height=&#8221;70px&#8221;][\/vc_column_inner][vc_column_inner width=&#8221;1\/4&#8243;][vc_empty_space height=&#8221;70px&#8221;][\/vc_column_inner][vc_column_inner width=&#8221;1\/4&#8243;][vc_empty_space height=&#8221;70px&#8221;][\/vc_column_inner][\/vc_row_inner][vc_row_inner][vc_column_inner width=&#8221;1\/4&#8243;][\/vc_column_inner][vc_column_inner width=&#8221;1\/4&#8243;][vc_empty_space height=&#8221;70px&#8221;][\/vc_column_inner][vc_column_inner width=&#8221;1\/4&#8243;][vc_empty_space height=&#8221;70px&#8221;][\/vc_column_inner][vc_column_inner width=&#8221;1\/4&#8243;][\/vc_column_inner][\/vc_row_inner][\/vc_column][\/vc_row][vc_row][vc_column width=&#8221;1\/3&#8243;][vc_empty_space height=&#8221;70px&#8221;][\/vc_column][vc_column width=&#8221;1\/3&#8243;][vc_empty_space height=&#8221;70px&#8221;][\/vc_column][vc_column width=&#8221;1\/3&#8243;][vc_empty_space height=&#8221;70px&#8221;][\/vc_column][\/vc_row][vc_row top_padding=&#8221;40px&#8221;][vc_column][vc_empty_space height=&#8221;40px&#8221;][\/vc_column][\/vc_row]<\/p>\n","protected":false},"author":1,"featured_media":0,"parent":0,"menu_order":0,"comment_status":"closed","ping_status":"closed","template":"page-vc.php","meta":{"footnotes":""},"class_list":["post-184","page","type-page","status-publish","hentry"],"_links":{"self":[{"href":"https:\/\/creanova.org\/fi\/wp-json\/wp\/v2\/pages\/184","targetHints":{"allow":["GET"]}}],"collection":[{"href":"https:\/\/creanova.org\/fi\/wp-json\/wp\/v2\/pages"}],"about":[{"href":"https:\/\/creanova.org\/fi\/wp-json\/wp\/v2\/types\/page"}],"author":[{"embeddable":true,"href":"https:\/\/creanova.org\/fi\/wp-json\/wp\/v2\/users\/1"}],"replies":[{"embeddable":true,"href":"https:\/\/creanova.org\/fi\/wp-json\/wp\/v2\/comments?post=184"}],"version-history":[{"count":67,"href":"https:\/\/creanova.org\/fi\/wp-json\/wp\/v2\/pages\/184\/revisions"}],"predecessor-version":[{"id":2046,"href":"https:\/\/creanova.org\/fi\/wp-json\/wp\/v2\/pages\/184\/revisions\/2046"}],"wp:attachment":[{"href":"https:\/\/creanova.org\/fi\/wp-json\/wp\/v2\/media?parent=184"}],"curies":[{"name":"wp","href":"https:\/\/api.w.org\/{rel}","templated":true}]}}