{"id":1619,"date":"2017-03-22T10:40:20","date_gmt":"2017-03-22T08:40:20","guid":{"rendered":"https:\/\/creanova.org\/?page_id=1619"},"modified":"2025-01-13T13:16:28","modified_gmt":"2025-01-13T11:16:28","slug":"cloudvps","status":"publish","type":"page","link":"https:\/\/creanova.org\/fi\/cloudvps\/","title":{"rendered":"Cloud VPS &#8211; Creanova Pilvipalvelin"},"content":{"rendered":"<p>[vc_row full_width=&#8221;stretch_row_content_no_spaces&#8221;][vc_column][rev_slider_vc alias=&#8221;cloudvps-fin&#8221;][\/vc_column][\/vc_row][vc_row top_padding=&#8221;60px&#8221;][vc_column]<div class=\"title4\">\r\n\t\t\t\t\t<h2 style=\"color: #222222;\"><span class=\"line\"><\/span>\r\n\t\t\t\t\tCloud VPS - Creanova Pilvipalvelin<em style=\"color: #989898;\">Tietoturvallinen ja kotimainen tapa palvelinten hankintaan ja hallintaan.<br \/>\nCreanovan pilvipalvelin on r\u00e4\u00e4t\u00e4l\u00f6it\u00e4viss\u00e4. M\u00e4\u00e4rit\u00e4 itse pilvipalvelimen resurssit. Voit valita tarpeesi mukaan lis\u00e4\u00e4 prosessoreita, muistia, liikenn\u00f6inti\u00e4 ja tallennuskapasiteettia.<br \/>\nPilvipalvelin on osa kattavaa palvelutarjoamaamme, joka on suunniteltu kansainv\u00e4lisesti toimivien yritysten turvallisen ja k\u00e4ytt\u00f6varman ICT-infrastruktuurin toteuttamiseen ja hallintaan.<\/em>\t<\/h2>\r\n\t\t\t\t<\/div>[\/vc_column][\/vc_row][vc_row][vc_column width=&#8221;1\/3&#8243;][vc_empty_space height=&#8221;50px&#8221;]<div class=\"animate-in\" data-anim-type=\"fade-in-right\" data-anim-delay=\"100\">\r\n\t\t\t\t<div class=\"fe-col\" style=\"width: 100%;\">\r\n\t\t\t\t<div class=\"fe-col-wrp type1 \" style=\"padding: 25px 20px 15px 30px;\">\r\n\t\t\t\t<h3 style=\"color: #222222; font-size: 18px; font-weight: normal; text-align: left; text-transform: none;\"><span class=\"fa fa-linux\" style=\"color: #868686; font-size: 23px; padding-right: 15px;\"><\/span>Ominaisuuset<\/h3>\r\n\t\t\t\t<p style=\"text-align: left; width: 100%;\">Pilvipalvelimet toimivat luotettavalla KVM tai OpenVZ virtualisoinnilla. Tekniikat kuten Hot migration ja auto-failover takaavat, ett\u00e4 palvelimesi on aina toiminnassa. Palvelin ja verkkolaitteistona on k\u00e4yt\u00f6ss\u00e4 luotettavat Hewlett Packard Enterprise tuotteet. K\u00e4yt\u00e4mme ainoastaan raskaaseen palvelink\u00e4ytt\u00f6\u00f6n soveltuvia laitteistoja ja ohjelmistoja.<br \/>\nEsiasennettu k\u00e4ytt\u00f6j\u00e4rjestelm\u00e4 asiakkaan valinnan mukaan (CentOS, Fedora, openSUSE, Debian, GNU\/Linux, FreeBSD)<br \/>\nVoimme esiasentaa tarvittaessa seuraavia laajennuksia (HTTP, FTP, SMTP, POP3\/IMAP, SQL, DNS) asiakkaan pyynn\u00f6st\u00e4 tilauksen yhteydess\u00e4. My\u00f6hemmin asennettuna veloitamme hinnaston mukaisesti asennus toimenpiteist\u00e4.<\/p>\r\n\t\t\t\t<\/div>\r\n\t\t\t\t<\/div>\r\n\t\t\t  <\/div>[\/vc_column][vc_column width=&#8221;1\/3&#8243;][vc_empty_space height=&#8221;50px&#8221;]<div class=\"animate-in\" data-anim-type=\"fade-in-right\" data-anim-delay=\"100\">\r\n\t\t\t\t<div class=\"fe-col\" style=\"width: 100%;\">\r\n\t\t\t\t<div class=\"fe-col-wrp type1 active\" style=\"padding: 25px 20px 15px 30px;\">\r\n\t\t\t\t<h3 style=\"color: #222222; font-size: 18px; font-weight: normal; text-align: left; text-transform: none;\"><span class=\"fa fa-star-o\" style=\"color: #868686; font-size: 23px; padding-right: 15px;\"><\/span>K\u00e4ytt\u00f6\u00f6notto<\/h3>\r\n\t\t\t\t<p style=\"text-align: left; width: 100%;\">Asiantuntijamme antavat tukea k\u00e4ytt\u00f6\u00f6nottovaiheen ongelmatilanteissa sek\u00e4 tarvittaessa auttavat palvelimen konfiguroinnissa maksutta. Autamme my\u00f6s nykyisten dedikoitujen palvelimien siirrossa Creanovan virtuaalipalvelin palveluihin maksutta. Voit tilata meilt\u00e4 avaimet k\u00e4teen palvelun; aikataulutamme asennuksen sek\u00e4 m\u00e4\u00e4rittelemme yrityksellenne sopivat palvelut meid\u00e4n konesalista.<br \/>\nEi aloitusmaksuja, ei allekirjoitettavia sopimuksia, ei piilokuluja, ei ylipitki\u00e4 sopimusaikoja. Teet vain tilauksen ja me toimitamme sinulle palvelimen.<\/p>\r\n\t\t\t\t<\/div>\r\n\t\t\t\t<\/div>\r\n\t\t\t  <\/div>[\/vc_column][vc_column width=&#8221;1\/3&#8243;][vc_empty_space height=&#8221;50px&#8221;]<div class=\"animate-in\" data-anim-type=\"fade-in-right\" data-anim-delay=\"100\">\r\n\t\t\t\t<div class=\"fe-col\" style=\"width: 100%;\">\r\n\t\t\t\t<div class=\"fe-col-wrp type1 \" style=\"padding: 25px 20px 15px 30px;\">\r\n\t\t\t\t<h3 style=\"color: #222222; font-size: 18px; font-weight: normal; text-align: left; text-transform: none;\"><span class=\"fa fa-hand-o-right\" style=\"color: #868686; font-size: 23px; padding-right: 15px;\"><\/span>T\u00e4ysi hallinta<\/h3>\r\n\t\t\t\t<p style=\"text-align: left; width: 100%;\">Voit milloin tahansa k\u00e4ynnist\u00e4\u00e4, sammuttaa tai luoda palvelimen uudelleen toiseen k\u00e4ytt\u00f6j\u00e4rjestelm\u00e4\u00e4n.<br \/>\nPilvipalvelimella voit helposti yll\u00e4pit\u00e4\u00e4 suurempiakin verkkosivuja ja omia sovelluksiasi,<br \/>\njos tarpeesi muuttuvat, pystyy pilvipalvelimen ominaisuuksia muokkaamaan k\u00e4den k\u00e4\u00e4nteess\u00e4.<\/p>\r\n\t\t\t\t<\/div>\r\n\t\t\t\t<\/div>\r\n\t\t\t  <\/div>[\/vc_column][vc_column][vc_empty_space height=&#8221;30px&#8221;][\/vc_column][\/vc_row][vc_row full_width=&#8221;stretch_row&#8221; parallax=&#8221;content-moving&#8221; parallax_image=&#8221;180&#8243; top_padding=&#8221;60px&#8221; bottom_padding=&#8221;10px&#8221;][vc_column]<div class=\"title4\">\r\n\t\t\t\t\t<h2 style=\"color: #020202;\"><span class=\"line\"><\/span>\r\n\t\t\t\t\tTilaa edullinen valmispaketti tai muokka omasi\t<\/h2>\r\n\t\t\t\t<\/div>[vc_empty_space height=&#8221;90px&#8221;][vc_row_inner][vc_column_inner width=&#8221;1\/2&#8243;]<div class=\"pricing-new two\">\r\n\t\t\t<div class=\"animate-in\" data-anim-type=\"bounce-in-right\" data-anim-delay=\"200\">\r\n\t\t\t\t<div class=\"price-col one \">\r\n\t\t\t\t\t<div class=\"shape-box\">\r\n\t\t\t\t\t<div class=\"diamond-shape\">\r\n\t\t\t\t\t<div class=\"prices\">\r\n\t\t\t\t\t\t\u20ac19.50<br><span>\/ kk<\/span>\t\t\t\r\n\t\t\t\t\t<\/div>\r\n\t\t\t\t\t<\/div>\r\n\t\t\t\t\t<\/div>\r\n\r\n\t\t\t\t\t<div class=\"plan-title\">\r\n\t\t\t\t\t\t<h2>CloudVPS<\/h2>\r\n\t\t\t\t\t<\/div>\r\n\t\t\t\t\t<ul class=\"plan-list\"><li class=\"light\">CPU 6 Cores - Valitse CPU-ytimien m\u00e4\u00e4r\u00e4 ( Xeon GOLD )<br \/><\/li><li class=\"dark\">Disk 160 Gb Valitse levytilan m\u00e4\u00e4r\u00e4: ( SAS 12G SSD)<br \/><\/li><li class=\"light\">DDR4 2933Ghz 16Gb Valitse RAM-muistin m\u00e4\u00e4r\u00e4 ( Ecc Buffered )<br \/><\/li><li class=\"dark\">IPv4 + IPv6 addresses<br \/><\/li><li class=\"light\">Varmistus 200 Gb<br \/><\/li><li class=\"dark\">Ilmainen ja rajaton internet liikenne 250Mbit\/sec.<br \/><\/li><li class=\"light\">Kytkent\u00e4nopeus 250Mbit\/sec tai 1Gb\/sec.<br \/><\/li><li class=\"dark\">OS Linux\/BSD<\/li><\/ul>\r\n\t\t\t\t\t<div class=\"get-btn\">\r\n\t\t\t\t\t\t<a href=\"https:\/\/billing.creanova.org\/cart.php?a=add&#038;pid=112&#038;language=english\" class=\"btn darkbox \">Muokkaa<\/a>\r\n\t\t\t\t\t<\/div>\r\n\t\t\t\t<\/div>\r\n\t\t\t<\/div>\r\n\t\t\t<\/div>[vc_empty_space height=&#8221;70px&#8221;][\/vc_column_inner][vc_column_inner width=&#8221;1\/2&#8243;]<div class=\"features_table_new\">\r\n\t\t\t<div class=\"table-style\">\r\n            <table class=\"table-list3\">\r\n              <tbody>\r\n\t\t\t\t<tr><th>Resurssit<br \/><\/th><th>Hinta<\/th><\/tr>\r\n\t\t\t\t\r\n\t\t\t\t<tr><td>+1 CPU Core (Max 32 Cores)<br \/><\/td><td>2.00 \u20ac\/kk<\/td><\/tr>\r\n\t\t\t\t\r\n\t\t\t\t<tr><td class=\"hilit\">+1Gb RAM (Max 256Gb)<br \/><\/td><td class=\"hilit\">1.00 \u20ac\/kk<\/td><\/tr>\r\n\t\t\t\t\r\n\t\t\t\t<tr><td>+20Gb SAS 12G (Max 10Tb)<br \/><\/td><td>2.00 \u20ac\/kk<\/td><\/tr>\r\n\t\t\t\t\r\n\t\t\t\t<tr><td class=\"hilit\">+1 IPv4 address (Max 32 IPs)<br \/><\/td><td class=\"hilit\">1.40 \u20ac\/kk<\/td><\/tr>\r\n\t\t\t\t\r\n\t\t\t\t<tr><td>\/112 IPv6 address (Max \/112)<br \/><\/td><td>Ilmainen<\/td><\/tr>\r\n\t\t\t\t\r\n\t\t\t\t<tr><td class=\"hilit\">+50 Backup space (Max 2000Gb)<br \/><\/td><td class=\"hilit\">2.00 \u20ac\/kk<\/td><\/tr>\r\n\t\t\t\t\r\n\t\t\t\t<tr><td>Internet 500 Mbit\/s Rajaton<br \/><\/td><td>40.00 \u20ac\/kk<\/td><\/tr>\r\n\t\t\t\t\r\n\t\t\t\t<tr><td class=\"hilit\">Internet 1000 Mbit\/s Rajaton<br \/><\/td><td class=\"hilit\">80.00 \u20ac\/kk<\/td><\/tr>\r\n\t\t\t\t\r\n\t\t\t   <\/tbody>\r\n\t\t\t<\/table>\r\n\t\t\t<\/div>\r\n\t\t\t<\/div>[vc_empty_space height=&#8221;30px&#8221;]<div class=\"features_table_new\">\r\n\t\t\t<div class=\"table-style\">\r\n            <table class=\"table-list3\">\r\n              <tbody>\r\n\t\t\t\t<tr><th>Addon<br \/><\/th><th>Hinta<\/th><\/tr>\r\n\t\t\t\t\r\n\t\t\t\t<tr><td>Control panel Directadmin<br \/><\/td><td>5.00 \u20ac\/kk<br \/><\/td><\/tr>\r\n\t\t\t\t\r\n\t\t\t\t<tr><td class=\"hilit\">Control panel ISPManager<br \/><\/td><td class=\"hilit\">3.00 \u20ac\/kk<\/td><\/tr>\r\n\t\t\t\t\r\n\t\t\t\t<tr><td>Control panel ISPManager<br \/><\/td><td>20.00 \u20ac\/kertamaksu<\/td><\/tr>\r\n\t\t\t\t\r\n\t\t\t\t<tr><td class=\"hilit\">Control panel Fastpanel<br \/><\/td><td class=\"hilit\">Ilmainen<\/td><\/tr>\r\n\t\t\t\t\r\n\t\t\t   <\/tbody>\r\n\t\t\t<\/table>\r\n\t\t\t<\/div>\r\n\t\t\t<\/div>[vc_empty_space height=&#8221;70px&#8221;][\/vc_column_inner][\/vc_row_inner][\/vc_column][\/vc_row][vc_row top_padding=&#8221;40px&#8221;][vc_column][vc_empty_space height=&#8221;40px&#8221;]<div class=\"accordion_holder\">\r\n\t\t\t\t<div class=\"accordion_example1 smk_accordion acc_with_icon\"><div class=\"accordion_in two acc_active\">\r\n\t\t\t\t\t<div class=\"acc_head\"><div class=\"acc_icon_expand\"><\/div>Yleistieto<\/div>\r\n\t\t\t\t\t<div class=\"acc_content\">Minimi vuokra-aika 1kk<br \/>\nMik\u00e4li et l\u00f6yt\u00e4nyt sopivaa vaihtoehtoa valmiiden kokoonpanojemme joukosta tai haluat keskustella myyntihenkil\u00f6st\u00f6mme kanssa tarkemmista yksityiskohdista, voit j\u00e4tt\u00e4\u00e4 meille my\u00f6s tarjouspyynn\u00f6n \u2013 info@creanova.org - toivomastasi kokonaisuudesta<br \/>\nToimituksen j\u00e4lkeen asiakkaalla on mahdollisuus hallita itse palvelinta<br \/>\nLis\u00e4tila ja lis\u00e4palvelut hinnoiteltu erikseen (kts. hinnasto)<\/div>\r\n\t\t\t   <\/div><div class=\"accordion_in two \">\r\n\t\t\t\t\t<div class=\"acc_head\"><div class=\"acc_icon_expand\"><\/div>Virtualisointi<\/div>\r\n\t\t\t\t\t<div class=\"acc_content\">Pilvi virtualisointi KVM hypervisorilla<\/div>\r\n\t\t\t   <\/div><div class=\"accordion_in two \">\r\n\t\t\t\t\t<div class=\"acc_head\"><div class=\"acc_icon_expand\"><\/div>Ilmainen verkkotunnus<\/div>\r\n\t\t\t\t\t<div class=\"acc_content\">Ilmainen .fi, .com, .net, .org, .info, .biz, .us, .name tai .ru verkkotunnus, jos tilaat virtuaalipalvelimen 12kk:ksi kerrallaan.<\/div>\r\n\t\t\t   <\/div><div class=\"accordion_in two \">\r\n\t\t\t\t\t<div class=\"acc_head\"><div class=\"acc_icon_expand\"><\/div>Varmistustila<\/div>\r\n\t\t\t\t\t<div class=\"acc_content\">Paikallinen varmistus (FTP, SSH, SFTP). Saat luvatun m\u00e4\u00e4r\u00e4n ilmaista varmistustilaa oman palvelimen paikalliseen varmistukseen.<\/div>\r\n\t\t\t   <\/div><div class=\"accordion_in two \">\r\n\t\t\t\t\t<div class=\"acc_head\"><div class=\"acc_icon_expand\"><\/div>Hallintapaneeli<\/div>\r\n\t\t\t\t\t<div class=\"acc_content\">Fastpanel \u2013 ilmaiseksi, DirectAdmin, ISP Manager \u2013 lis\u00e4veloituksesta<\/div>\r\n\t\t\t   <\/div><div class=\"accordion_in two \">\r\n\t\t\t\t\t<div class=\"acc_head\"><div class=\"acc_icon_expand\"><\/div>Tarvitsetteko poikkeavaa kokoonpanoa?<\/div>\r\n\t\t\t\t\t<div class=\"acc_content\">Mik\u00e4li et l\u00f6yt\u00e4nyt sopivaa vaihtoehtoa valmiiden kokoonpanojemme joukosta tai haluat keskustella myyntihenkil\u00f6st\u00f6mme kanssa tarkemmista yksityiskohdista, voit j\u00e4tt\u00e4\u00e4 meille my\u00f6s tarjouspyynn\u00f6n \u2013 info@creanova.org toivomastasi kokonaisuudesta tai soittaa myyntipalveluumme.<\/div>\r\n\t\t\t   <\/div>\t<\/div>\r\n\t\t   <\/div>[\/vc_column][\/vc_row][vc_row full_width=&#8221;stretch_row_content_no_spaces&#8221; el_class=&#8221;caction_above_footer&#8221;][vc_column]<section class=\"section17 two\">\r\n\t\t\t\t<div class=\"container\"><div class=\"one_fifth\">\r\n\t\t\t\t<div class=\"clien-logo\"><img loading=\"lazy\" decoding=\"async\" width=\"100\" height=\"111\" src=\"https:\/\/creanova.org\/wp-content\/uploads\/2016\/02\/tux_enhanced_penguin_linux_art-999px-e1475066071777.png\" class=\"attachment-full\" alt=\"\" \/><\/div>\r\n\t\t\t\t<\/div><div class=\"one_fifth\">\r\n\t\t\t\t<div class=\"clien-logo\"><img loading=\"lazy\" decoding=\"async\" width=\"300\" height=\"93\" src=\"https:\/\/creanova.org\/wp-content\/uploads\/2016\/02\/kvm-1-1.png\" class=\"attachment-full\" alt=\"\" \/><\/div>\r\n\t\t\t\t<\/div><div class=\"one_fifth\">\r\n\t\t\t\t<div class=\"clien-logo\"><img loading=\"lazy\" decoding=\"async\" width=\"113\" height=\"100\" src=\"https:\/\/creanova.org\/wp-content\/uploads\/2016\/10\/Microsoft-Windows-Backup-925013938s.jpg-e1475585724997.png\" class=\"attachment-full\" alt=\"\" \/><\/div>\r\n\t\t\t\t<\/div><div class=\"one_fifth\">\r\n\t\t\t\t<div class=\"clien-logo\"><img loading=\"lazy\" decoding=\"async\" width=\"300\" height=\"93\" src=\"https:\/\/creanova.org\/wp-content\/uploads\/2016\/02\/kvm-1-1.png\" class=\"attachment-full\" alt=\"\" \/><\/div>\r\n\t\t\t\t<\/div><div class=\"one_fifth last\">\r\n\t\t\t\t<div class=\"clien-logo\"><img loading=\"lazy\" decoding=\"async\" width=\"111\" height=\"111\" src=\"https:\/\/creanova.org\/wp-content\/uploads\/2016\/02\/freebsd-1-e1475585878906.png\" class=\"attachment-full\" alt=\"\" \/><\/div>\r\n\t\t\t\t<\/div><\/div>\r\n\t\t\t\t<\/section>\r\n\t\t\t\t<!-- end section 17 -->\r\n\t\t\t\t<div class=\"clearfix\"><\/div>[\/vc_column][\/vc_row]<\/p>","protected":false},"excerpt":{"rendered":"<p>[vc_row full_width=&#8221;stretch_row_content_no_spaces&#8221;][vc_column][rev_slider_vc alias=&#8221;cloudvps-fin&#8221;][\/vc_column][\/vc_row][vc_row top_padding=&#8221;60px&#8221;][vc_column][\/vc_column][\/vc_row][vc_row][vc_column width=&#8221;1\/3&#8243;][vc_empty_space height=&#8221;50px&#8221;][\/vc_column][vc_column width=&#8221;1\/3&#8243;][vc_empty_space height=&#8221;50px&#8221;][\/vc_column][vc_column width=&#8221;1\/3&#8243;][vc_empty_space height=&#8221;50px&#8221;][\/vc_column][vc_column][vc_empty_space height=&#8221;30px&#8221;][\/vc_column][\/vc_row][vc_row full_width=&#8221;stretch_row&#8221; parallax=&#8221;content-moving&#8221; parallax_image=&#8221;180&#8243; top_padding=&#8221;60px&#8221; bottom_padding=&#8221;10px&#8221;][vc_column][vc_empty_space height=&#8221;90px&#8221;][vc_row_inner][vc_column_inner width=&#8221;1\/2&#8243;][vc_empty_space height=&#8221;70px&#8221;][\/vc_column_inner][vc_column_inner width=&#8221;1\/2&#8243;][vc_empty_space height=&#8221;30px&#8221;][vc_empty_space height=&#8221;70px&#8221;][\/vc_column_inner][\/vc_row_inner][\/vc_column][\/vc_row][vc_row top_padding=&#8221;40px&#8221;][vc_column][vc_empty_space height=&#8221;40px&#8221;][\/vc_column][\/vc_row][vc_row full_width=&#8221;stretch_row_content_no_spaces&#8221; el_class=&#8221;caction_above_footer&#8221;][vc_column][\/vc_column][\/vc_row]<\/p>\n","protected":false},"author":1,"featured_media":0,"parent":0,"menu_order":0,"comment_status":"closed","ping_status":"closed","template":"page-vc.php","meta":{"footnotes":""},"class_list":["post-1619","page","type-page","status-publish","hentry"],"_links":{"self":[{"href":"https:\/\/creanova.org\/fi\/wp-json\/wp\/v2\/pages\/1619","targetHints":{"allow":["GET"]}}],"collection":[{"href":"https:\/\/creanova.org\/fi\/wp-json\/wp\/v2\/pages"}],"about":[{"href":"https:\/\/creanova.org\/fi\/wp-json\/wp\/v2\/types\/page"}],"author":[{"embeddable":true,"href":"https:\/\/creanova.org\/fi\/wp-json\/wp\/v2\/users\/1"}],"replies":[{"embeddable":true,"href":"https:\/\/creanova.org\/fi\/wp-json\/wp\/v2\/comments?post=1619"}],"version-history":[{"count":73,"href":"https:\/\/creanova.org\/fi\/wp-json\/wp\/v2\/pages\/1619\/revisions"}],"predecessor-version":[{"id":2045,"href":"https:\/\/creanova.org\/fi\/wp-json\/wp\/v2\/pages\/1619\/revisions\/2045"}],"wp:attachment":[{"href":"https:\/\/creanova.org\/fi\/wp-json\/wp\/v2\/media?parent=1619"}],"curies":[{"name":"wp","href":"https:\/\/api.w.org\/{rel}","templated":true}]}}