{"id":153,"date":"2016-02-04T10:53:39","date_gmt":"2016-02-04T10:53:39","guid":{"rendered":"http:\/\/fluentthemes.com\/wp\/zionhost\/?page_id=153"},"modified":"2020-08-19T14:45:43","modified_gmt":"2020-08-19T11:45:43","slug":"shared-hosting","status":"publish","type":"page","link":"https:\/\/creanova.org\/fi\/shared-hosting\/","title":{"rendered":"Webhotelli"},"content":{"rendered":"<p>[vc_row full_width=&#8221;stretch_row_content_no_spaces&#8221;][vc_column][rev_slider_vc alias=&#8221;shared-hosting-fin&#8221;][\/vc_column][\/vc_row][vc_row][vc_column][vc_row_inner][vc_column_inner][vc_empty_space height=&#8221;30px&#8221;]<div class=\"title4\">\r\n\t\t\t\t\t<h2 style=\"color: ;\"><span class=\"line\"><\/span>\r\n\t\t\t\t\tVirtual SSD hosting, Webhotelli<em style=\"color: ;\">Palvelumme on paras vaihtoehto niin pienille verkkosivustoille (kuluttajille, yhteis\u00f6ille, foorumeille ja blogeille) sek\u00e4 yritysten vaativampiin tarpeisiin. Kaikki webhotelli-palvelumme sis\u00e4lt\u00e4v\u00e4t automaattiset varmuuskopiot sek\u00e4 takuun sivustosi saatavuudesta (96.6%). Lis\u00e4ksi voit nauttia parhaasta mahdollisesta webhotelli-palvelusta, ilman kaistarajoitusta, markkinoiden edullisimpaan hintaan.<\/em>\t<\/h2>\r\n\t\t\t\t<\/div>[vc_empty_space height=&#8221;30px&#8221;][\/vc_column_inner][\/vc_row_inner][\/vc_column][\/vc_row][vc_row full_width=&#8221;stretch_row&#8221; content_placement=&#8221;middle&#8221; parallax=&#8221;content-moving&#8221; parallax_image=&#8221;145&#8243; top_padding=&#8221;60px&#8221;][vc_column]<div class=\"title4\">\r\n\t\t\t\t\t<h2 style=\"color: ;\"><span class=\"line\"><\/span>\r\n\t\t\t\t\tTuotevaihtoehdot\t<\/h2>\r\n\t\t\t\t<\/div>[vc_row_inner][vc_column_inner width=&#8221;1\/4&#8243;][vc_empty_space height=&#8221;30px&#8221;]<div class=\"animate-in\" data-anim-type=\"fade-in-down\" data-anim-delay=\"100\">\r\n\t\t\t\t<div class=\"price-col \">\r\n\t\t\t\t\t<div class=\"price\">\r\n\t\t\t\t\t\t<h4>\u20ac10,80<br><span>\/ 6kk maksu<\/span>\t\t\t<\/h4>\r\n\t\t\t\t\t<\/div>\r\n\r\n\t\t\t\t\t<div class=\"plan-title\">\r\n\t\t\t\t\t\t<h2>Web #1<\/h2>\r\n\t\t\t\t\t<\/div>\r\n\t\t\t\t\t<ul class=\"plan-list\"><li class=\"light\">2 GB Levytila<br \/><\/li><li class=\"dark\">512 MB PHP Memory<br \/><\/li><li class=\"light\">PHP 5.6 to 7.3<br \/><\/li><li class=\"dark\">Liikenn\u00f6inti rajaton<br \/><\/li><li class=\"light\">S\u00e4hk\u00f6postilaatikoita rajattomasti<br \/><\/li><li class=\"dark\">1 Nettisivusto<br \/><\/li><li class=\"light\">3 MySQL-tietokanta<br \/><\/li><li class=\"dark\">WHM cPanel<\/li><\/ul>\r\n\t\t\t\t\t<div class=\"get-btn\">\r\n\t\t\t\t\t\t<a href=\"https:\/\/billing.creanova.org\/cart.php?a=add&#038;pid=1\" class=\"btn darkbox \">Osta<\/a>\r\n\t\t\t\t\t<\/div>\r\n\t\t\t\t<\/div>\r\n\t\t\t<\/div>[\/vc_column_inner][vc_column_inner width=&#8221;1\/4&#8243;][vc_empty_space height=&#8221;30px&#8221;]<div class=\"animate-in\" data-anim-type=\"fade-in-down\" data-anim-delay=\"100\">\r\n\t\t\t\t<div class=\"price-col active\">\r\n\t\t\t\t\t<div class=\"price\">\r\n\t\t\t\t\t\t<h4>\u20ac9,00<br><span>\/ 3kk maksu<\/span>\t\t\t<\/h4>\r\n\t\t\t\t\t<\/div>\r\n\r\n\t\t\t\t\t<div class=\"plan-title\">\r\n\t\t\t\t\t\t<h2>Web #2<\/h2>\r\n\t\t\t\t\t<\/div>\r\n\t\t\t\t\t<ul class=\"plan-list\"><li class=\"light\">5 GB Levytila<br \/><\/li><li class=\"dark\">512 MB PHP Memory<br \/><\/li><li class=\"light\">PHP 5.6 to 7.3<br \/><\/li><li class=\"dark\">Let's Encrypt SSL certificate<br \/><\/li><li class=\"light\">Liikenn\u00f6inti rajaton<br \/><\/li><li class=\"dark\">S\u00e4hk\u00f6postilaatikoita rajattomasti<br \/><\/li><li class=\"light\">5 Nettisivustoa<br \/><\/li><li class=\"dark\">10 MySQL-tietokanta<br \/><\/li><li class=\"light\">WHM cPanel<\/li><\/ul>\r\n\t\t\t\t\t<div class=\"get-btn\">\r\n\t\t\t\t\t\t<a href=\"https:\/\/billing.creanova.org\/cart.php?a=add&#038;pid=2&#038;language=english\" class=\"btn darkbox active\">Osta<\/a>\r\n\t\t\t\t\t<\/div>\r\n\t\t\t\t<\/div>\r\n\t\t\t<\/div>[\/vc_column_inner][vc_column_inner width=&#8221;1\/4&#8243;][vc_empty_space height=&#8221;30px&#8221;]<div class=\"animate-in\" data-anim-type=\"fade-in-down\" data-anim-delay=\"100\">\r\n\t\t\t\t<div class=\"price-col \">\r\n\t\t\t\t\t<div class=\"price\">\r\n\t\t\t\t\t\t<h4>\u20ac5,00<br><span>\/ 1kk maksu<\/span>\t\t\t<\/h4>\r\n\t\t\t\t\t<\/div>\r\n\r\n\t\t\t\t\t<div class=\"plan-title\">\r\n\t\t\t\t\t\t<h2>Web #3<\/h2>\r\n\t\t\t\t\t<\/div>\r\n\t\t\t\t\t<ul class=\"plan-list\"><li class=\"light\">10 GB Levytila<br \/><\/li><li class=\"dark\">1024 MB PHP Memory<br \/><\/li><li class=\"light\">PHP 5.6 to 7.3<br \/><\/li><li class=\"dark\">Let's Encrypt SSL certificate<br \/><\/li><li class=\"light\">Liikenn\u00f6inti rajaton<br \/><\/li><li class=\"dark\">S\u00e4hk\u00f6postilaatikoita rajattomasti<br \/><\/li><li class=\"light\">10 Nettisivustoa<br \/><\/li><li class=\"dark\">MySQL-tietokanta rajaton<br \/><\/li><li class=\"light\">WHM cPanel<\/li><\/ul>\r\n\t\t\t\t\t<div class=\"get-btn\">\r\n\t\t\t\t\t\t<a href=\"https:\/\/billing.creanova.org\/cart.php?a=add&#038;pid=3&#038;language=english\" class=\"btn darkbox \">Osta<\/a>\r\n\t\t\t\t\t<\/div>\r\n\t\t\t\t<\/div>\r\n\t\t\t<\/div>[\/vc_column_inner][vc_column_inner width=&#8221;1\/4&#8243;][vc_empty_space height=&#8221;30px&#8221;]<div class=\"animate-in\" data-anim-type=\"fade-in-down\" data-anim-delay=\"100\">\r\n\t\t\t\t<div class=\"price-col active\">\r\n\t\t\t\t\t<div class=\"price\">\r\n\t\t\t\t\t\t<h4>\u20ac10,00<br><span>\/ 1kk maksu<\/span>\t\t\t<\/h4>\r\n\t\t\t\t\t<\/div>\r\n\r\n\t\t\t\t\t<div class=\"plan-title\">\r\n\t\t\t\t\t\t<h2>Web #4<\/h2>\r\n\t\t\t\t\t<\/div>\r\n\t\t\t\t\t<ul class=\"plan-list\"><li class=\"light\">15 GB Levytila<br \/><\/li><li class=\"dark\">1024 MB PHP Memory<br \/><\/li><li class=\"light\">PHP 5.6 to 7.3<br \/><\/li><li class=\"dark\">Let's Encrypt SSL certificate<br \/><\/li><li class=\"light\">Liikenn\u00f6inti rajaton<br \/><\/li><li class=\"dark\">S\u00e4hk\u00f6postilaatikoita rajattomasti<br \/><\/li><li class=\"light\">15 Nettisivustoa<br \/><\/li><li class=\"dark\">MySQL-tietokanta rajaton<br \/><\/li><li class=\"light\">WHM cPanel<\/li><\/ul>\r\n\t\t\t\t\t<div class=\"get-btn\">\r\n\t\t\t\t\t\t<a href=\"https:\/\/billing.creanova.org\/cart.php?a=add&#038;pid=4&#038;language=english\" class=\"btn darkbox active\">Osta<\/a>\r\n\t\t\t\t\t<\/div>\r\n\t\t\t\t<\/div>\r\n\t\t\t<\/div>[\/vc_column_inner][\/vc_row_inner][vc_empty_space height=&#8221;30px&#8221;][vc_row_inner][vc_column_inner width=&#8221;1\/4&#8243;][\/vc_column_inner][vc_column_inner width=&#8221;1\/4&#8243;]<div class=\"animate-in\" data-anim-type=\"fade-in-down\" data-anim-delay=\"100\">\r\n\t\t\t\t<div class=\"price-col \">\r\n\t\t\t\t\t<div class=\"price\">\r\n\t\t\t\t\t\t<h4>\u20ac15,00<br><span>\/ 1kk maksu<\/span>\t\t\t<\/h4>\r\n\t\t\t\t\t<\/div>\r\n\r\n\t\t\t\t\t<div class=\"plan-title\">\r\n\t\t\t\t\t\t<h2>Web #5<\/h2>\r\n\t\t\t\t\t<\/div>\r\n\t\t\t\t\t<ul class=\"plan-list\"><li class=\"light\">20 GB Levytila<br \/><\/li><li class=\"dark\">2048 MB PHP Memory<br \/><\/li><li class=\"light\">PHP 5.6 to 7.3<br \/><\/li><li class=\"dark\">Let's Encrypt SSL certificate<br \/><\/li><li class=\"light\">Liikenn\u00f6inti rajaton<br \/><\/li><li class=\"dark\">S\u00e4hk\u00f6postilaatikoita rajattomasti<br \/><\/li><li class=\"light\">20 Nettisivustoa<br \/><\/li><li class=\"dark\">MySQL-tietokanta rajaton<br \/><\/li><li class=\"light\">WHM cPanel<\/li><\/ul>\r\n\t\t\t\t\t<div class=\"get-btn\">\r\n\t\t\t\t\t\t<a href=\"https:\/\/billing.creanova.org\/cart.php?a=add&#038;pid=5&#038;language=english\" class=\"btn darkbox \">Osta<\/a>\r\n\t\t\t\t\t<\/div>\r\n\t\t\t\t<\/div>\r\n\t\t\t<\/div>[\/vc_column_inner][vc_column_inner width=&#8221;1\/4&#8243;]<div class=\"animate-in\" data-anim-type=\"fade-in-down\" data-anim-delay=\"100\">\r\n\t\t\t\t<div class=\"price-col active\">\r\n\t\t\t\t\t<div class=\"price\">\r\n\t\t\t\t\t\t<h4>\u20ac25.00<br><span>\/ 1kk maksu<\/span>\t\t\t<\/h4>\r\n\t\t\t\t\t<\/div>\r\n\r\n\t\t\t\t\t<div class=\"plan-title\">\r\n\t\t\t\t\t\t<h2>Web #6<\/h2>\r\n\t\t\t\t\t<\/div>\r\n\t\t\t\t\t<ul class=\"plan-list\"><li class=\"light\">25 GB Levytila<br \/><\/li><li class=\"dark\">2048 MB PHP Memory<br \/><\/li><li class=\"light\">PHP 5.6 to 7.3<br \/><\/li><li class=\"dark\">Let's Encrypt SSL certificate<br \/><\/li><li class=\"light\">Liikenn\u00f6inti rajaton<br \/><\/li><li class=\"dark\">S\u00e4hk\u00f6postilaatikoita rajattomasti<br \/><\/li><li class=\"light\">100 Nettisivustoa<br \/><\/li><li class=\"dark\">MySQL-tietokanta rajaton<br \/><\/li><li class=\"light\">WHM cPanel<\/li><\/ul>\r\n\t\t\t\t\t<div class=\"get-btn\">\r\n\t\t\t\t\t\t<a href=\"https:\/\/billing.creanova.org\/cart.php?a=add&#038;pid=6&#038;language=english\" class=\"btn darkbox active\">Osta<\/a>\r\n\t\t\t\t\t<\/div>\r\n\t\t\t\t<\/div>\r\n\t\t\t<\/div>[\/vc_column_inner][vc_column_inner width=&#8221;1\/4&#8243;][\/vc_column_inner][\/vc_row_inner][vc_empty_space height=&#8221;30px&#8221;][\/vc_column][\/vc_row][vc_row full_width=&#8221;stretch_row_content_no_spaces&#8221; content_placement=&#8221;middle&#8221; parallax=&#8221;content-moving&#8221; parallax_image=&#8221;9&#8243;][vc_column][vc_empty_space height=&#8221;30px&#8221;]<div class=\"title\">\r\n\t\t\t\t\t<h2 style=\"color: #ffffff;\"><span style=\"background: ;\" class=\"line blueline\"><\/span><span style=\"color: #ffffff;\" class=\"text\">Ilmainen verkkotunnus<\/span><br>\r\n\t\t\t\t\tIlmainen .fi .com .net .org .ru verkkotunnus, ilmaiseksi jos tilaat hostingpalvelun 12kk kerrallaan<em style=\"color: #ffffff;\">Paitsi webhotelli Web #1 &amp; Web #2<\/em>\t<\/h2>\r\n\t\t\t\t<\/div>[\/vc_column][\/vc_row][vc_row top_padding=&#8221;60px&#8221; bottom_padding=&#8221;30px&#8221;][vc_column]<div class=\"title4\">\r\n\t\t\t\t\t<h2 style=\"color: ;\"><span class=\"line\"><\/span>\r\n\t\t\t\t\tWebhotellien ominaisuudet<em style=\"color: ;\">Webhotellien optiot ja resurssit<\/em>\t<\/h2>\r\n\t\t\t\t<\/div>[\/vc_column][\/vc_row][vc_row bottom_padding=&#8221;55px&#8221;][vc_column width=&#8221;1\/2&#8243;]<div class=\"features_table_new\">\r\n\t\t\t<div class=\"table-style\">\r\n            <table class=\"table-list3\">\r\n              <tbody>\r\n\t\t\t\t<tr><th>Webhotellien ominaisuudet<br \/><\/th><th>Yksityiskohdat<\/th><\/tr>\r\n\t\t\t\t\r\n\t\t\t\t<tr><td>Liikenn\u00f6inti<br \/><\/td><td>Rajaton<\/td><\/tr>\r\n\t\t\t\t\r\n\t\t\t\t<tr><td class=\"hilit\">S\u00e4hk\u00f6postit<br \/><\/td><td class=\"hilit\">Rajaton<\/td><\/tr>\r\n\t\t\t\t\r\n\t\t\t\t<tr><td>Uudelleenohjaus<br \/><\/td><td>Rajaton<\/td><\/tr>\r\n\t\t\t\t\r\n\t\t\t\t<tr><td class=\"hilit\">S\u00e4hk\u00f6postin automaattivastaaja<br \/><\/td><td class=\"hilit\">Kyll\u00e4<\/td><\/tr>\r\n\t\t\t\t\r\n\t\t\t\t<tr><td>Virussuodatus<br \/><\/td><td>Kyll\u00e4<\/td><\/tr>\r\n\t\t\t\t\r\n\t\t\t\t<tr><td class=\"hilit\">Roskapostinsuodatus<br \/><\/td><td class=\"hilit\">Kyll\u00e4<\/td><\/tr>\r\n\t\t\t\t\r\n\t\t\t\t<tr><td>FTP-yhteys<br \/><\/td><td>Kyll\u00e4<\/td><\/tr>\r\n\t\t\t\t\r\n\t\t\t\t<tr><td class=\"hilit\">IMAP\/Secure IMAP E-mail tuki<br \/><\/td><td class=\"hilit\">Kyll\u00e4<\/td><\/tr>\r\n\t\t\t\t\r\n\t\t\t\t<tr><td>SMTP\/Secure SMTP MTA<br \/><\/td><td>Kyll\u00e4<\/td><\/tr>\r\n\t\t\t\t\r\n\t\t\t\t<tr><td class=\"hilit\">Webmail<br \/><\/td><td class=\"hilit\">Kyll\u00e4<\/td><\/tr>\r\n\t\t\t\t\r\n\t\t\t\t<tr><td>Parked Domains<br \/><\/td><td>Rajaton<\/td><\/tr>\r\n\t\t\t\t\r\n\t\t\t\t<tr><td class=\"hilit\">Aliverkkotunnus<br \/><\/td><td class=\"hilit\">Rajaton<\/td><\/tr>\r\n\t\t\t\t\r\n\t\t\t\t<tr><td>PHP-tuki<br \/><\/td><td>5.4 5.5 5.6 7.0 7.1 7.2<\/td><\/tr>\r\n\t\t\t\t\r\n\t\t\t\t<tr><td class=\"hilit\">MySQL-tietokanta<br \/><\/td><td class=\"hilit\">Rajaton<\/td><\/tr>\r\n\t\t\t\t\r\n\t\t\t\t<tr><td>DNS-hallinta<br \/><\/td><td>Kyll\u00e4<\/td><\/tr>\r\n\t\t\t\t\r\n\t\t\t\t<tr><td class=\"hilit\">SSH-yhteys<br \/><\/td><td class=\"hilit\">paitsi Web#1 Web#2<\/td><\/tr>\r\n\t\t\t\t\r\n\t\t\t\t<tr><td>Logs tai Raportit<br \/><\/td><td>Kyll\u00e4<\/td><\/tr>\r\n\t\t\t\t\r\n\t\t\t\t<tr><td class=\"hilit\">CGI\/Perl-tuki<br \/><\/td><td class=\"hilit\">Kyll\u00e4<\/td><\/tr>\r\n\t\t\t\t\r\n\t\t\t\t<tr><td>.htaccess- ja SSI-tekniikat<br \/><\/td><td>Kyll\u00e4<\/td><\/tr>\r\n\t\t\t\t\r\n\t\t\t\t<tr><td class=\"hilit\">Ajastetut teht\u00e4v\u00e4t (crontab)<br \/><\/td><td class=\"hilit\">Kyll\u00e4<\/td><\/tr>\r\n\t\t\t\t\r\n\t\t\t\t<tr><td>RVSiteBuilder<br \/><\/td><td>Kotisivukone<\/td><\/tr>\r\n\t\t\t\t\r\n\t\t\t   <\/tbody>\r\n\t\t\t<\/table>\r\n\t\t\t<\/div>\r\n\t\t\t<\/div>[\/vc_column][vc_column width=&#8221;1\/2&#8243;]<div class=\"features_table_new\">\r\n\t\t\t<div class=\"table-style\">\r\n            <table class=\"table-list3\">\r\n              <tbody>\r\n\t\t\t\t<tr><th>Nopein sivunlataus ja Turvallisuus<br \/><\/th><th>Yksityiskohdat<\/th><\/tr>\r\n\t\t\t\t\r\n\t\t\t\t<tr><td>Real Time Security Scanning<br \/><\/td><td>Kyll\u00e4<\/td><\/tr>\r\n\t\t\t\t\r\n\t\t\t\t<tr><td class=\"hilit\">Built-in PHP Caching for Faster Loading<br \/><\/td><td class=\"hilit\">Kyll\u00e4<\/td><\/tr>\r\n\t\t\t\t\r\n\t\t\t\t<tr><td>Automatic Bruteforce Detection<br \/><\/td><td>Kyll\u00e4<\/td><\/tr>\r\n\t\t\t\t\r\n\t\t\t\t<tr><td class=\"hilit\">Hot Data Caching<br \/><\/td><td class=\"hilit\">Kyll\u00e4<\/td><\/tr>\r\n\t\t\t\t\r\n\t\t\t\t<tr><td>Apache Web Serving Performance Tweaks<br \/><\/td><td>Kyll\u00e4<\/td><\/tr>\r\n\t\t\t\t\r\n\t\t\t\t<tr><td class=\"hilit\">Automaattinen varmuuskopiointi<br \/><\/td><td class=\"hilit\">Kyll\u00e4<\/td><\/tr>\r\n\t\t\t\t\r\n\t\t\t\t<tr><td>Backup Restore<br \/><\/td><td>Kyll\u00e4<\/td><\/tr>\r\n\t\t\t\t\r\n\t\t\t   <\/tbody>\r\n\t\t\t<\/table>\r\n\t\t\t<\/div>\r\n\t\t\t<\/div>[vc_empty_space height=&#8221;30px&#8221;]<div class=\"features_table_new\">\r\n\t\t\t<div class=\"table-style\">\r\n            <table class=\"table-list3\">\r\n              <tbody>\r\n\t\t\t\t<tr><th>Muut ominaisuudet<br \/><\/th><th>Yksityiskohdat<\/th><\/tr>\r\n\t\t\t\t\r\n\t\t\t\t<tr><td>SSL Secure Server<br \/><\/td><td>Kyll\u00e4<\/td><\/tr>\r\n\t\t\t\t\r\n\t\t\t\t<tr><td class=\"hilit\">Zend Optimizer<br \/><\/td><td class=\"hilit\">Kyll\u00e4<\/td><\/tr>\r\n\t\t\t\t\r\n\t\t\t\t<tr><td>ionCube Loader<br \/><\/td><td>Kyll\u00e4<\/td><\/tr>\r\n\t\t\t\t\r\n\t\t\t\t<tr><td class=\"hilit\">precompiler OPcache<br \/><\/td><td class=\"hilit\">Kyll\u00e4<\/td><\/tr>\r\n\t\t\t\t\r\n\t\t\t\t<tr><td>MemCache<br \/><\/td><td>Kyll\u00e4<\/td><\/tr>\r\n\t\t\t\t\r\n\t\t\t\t<tr><td class=\"hilit\">Password Protected Directories<br \/><\/td><td class=\"hilit\">Kyll\u00e4<\/td><\/tr>\r\n\t\t\t\t\r\n\t\t\t   <\/tbody>\r\n\t\t\t<\/table>\r\n\t\t\t<\/div>\r\n\t\t\t<\/div>[\/vc_column][\/vc_row][vc_row full_width=&#8221;stretch_row_content_no_spaces&#8221; el_class=&#8221;caction_above_footer&#8221;][vc_column]<section class=\"section17 two\">\r\n\t\t\t\t<div class=\"container\"><div class=\"one_fifth\">\r\n\t\t\t\t<div class=\"clien-logo\"><img loading=\"lazy\" decoding=\"async\" width=\"100\" height=\"111\" src=\"https:\/\/creanova.org\/wp-content\/uploads\/2016\/02\/tux_enhanced_penguin_linux_art-999px-e1475066071777.png\" class=\"attachment-full\" alt=\"\" \/><\/div>\r\n\t\t\t\t<\/div><div class=\"one_fifth\">\r\n\t\t\t\t<div class=\"clien-logo\"><img loading=\"lazy\" decoding=\"async\" width=\"150\" height=\"75\" src=\"https:\/\/creanova.org\/wp-content\/uploads\/2016\/02\/php-e1475065625797.png\" class=\"attachment-full\" alt=\"\" \/><\/div>\r\n\t\t\t\t<\/div><div class=\"one_fifth\">\r\n\t\t\t\t<div class=\"clien-logo\"><img loading=\"lazy\" decoding=\"async\" width=\"150\" height=\"71\" src=\"https:\/\/creanova.org\/wp-content\/uploads\/2016\/02\/apache-e1475066320189.png\" class=\"attachment-full\" alt=\"\" \/><\/div>\r\n\t\t\t\t<\/div><div class=\"one_fifth\">\r\n\t\t\t\t<div class=\"clien-logo\"><img loading=\"lazy\" decoding=\"async\" width=\"100\" height=\"100\" src=\"https:\/\/creanova.org\/wp-content\/uploads\/2016\/02\/mysql-1-e1475066162178.png\" class=\"attachment-full\" alt=\"\" \/><\/div>\r\n\t\t\t\t<\/div><div class=\"one_fifth last\">\r\n\t\t\t\t<div class=\"clien-logo\"><img loading=\"lazy\" decoding=\"async\" width=\"100\" height=\"100\" src=\"https:\/\/creanova.org\/wp-content\/uploads\/2016\/02\/ssl_lock-e1475066983481.png\" class=\"attachment-full\" alt=\"\" \/><\/div>\r\n\t\t\t\t<\/div><\/div>\r\n\t\t\t\t<\/section>\r\n\t\t\t\t<!-- end section 17 -->\r\n\t\t\t\t<div class=\"clearfix\"><\/div>[\/vc_column][\/vc_row]<\/p>","protected":false},"excerpt":{"rendered":"<p>[vc_row full_width=&#8221;stretch_row_content_no_spaces&#8221;][vc_column][rev_slider_vc alias=&#8221;shared-hosting-fin&#8221;][\/vc_column][\/vc_row][vc_row][vc_column][vc_row_inner][vc_column_inner][vc_empty_space height=&#8221;30px&#8221;][vc_empty_space height=&#8221;30px&#8221;][\/vc_column_inner][\/vc_row_inner][\/vc_column][\/vc_row][vc_row full_width=&#8221;stretch_row&#8221; content_placement=&#8221;middle&#8221; parallax=&#8221;content-moving&#8221; parallax_image=&#8221;145&#8243; top_padding=&#8221;60px&#8221;][vc_column][vc_row_inner][vc_column_inner width=&#8221;1\/4&#8243;][vc_empty_space height=&#8221;30px&#8221;][\/vc_column_inner][vc_column_inner width=&#8221;1\/4&#8243;][vc_empty_space height=&#8221;30px&#8221;][\/vc_column_inner][vc_column_inner width=&#8221;1\/4&#8243;][vc_empty_space height=&#8221;30px&#8221;][\/vc_column_inner][vc_column_inner width=&#8221;1\/4&#8243;][vc_empty_space height=&#8221;30px&#8221;][\/vc_column_inner][\/vc_row_inner][vc_empty_space height=&#8221;30px&#8221;][vc_row_inner][vc_column_inner width=&#8221;1\/4&#8243;][\/vc_column_inner][vc_column_inner width=&#8221;1\/4&#8243;][\/vc_column_inner][vc_column_inner width=&#8221;1\/4&#8243;][\/vc_column_inner][vc_column_inner width=&#8221;1\/4&#8243;][\/vc_column_inner][\/vc_row_inner][vc_empty_space height=&#8221;30px&#8221;][\/vc_column][\/vc_row][vc_row full_width=&#8221;stretch_row_content_no_spaces&#8221; content_placement=&#8221;middle&#8221; parallax=&#8221;content-moving&#8221; parallax_image=&#8221;9&#8243;][vc_column][vc_empty_space height=&#8221;30px&#8221;][\/vc_column][\/vc_row][vc_row top_padding=&#8221;60px&#8221; bottom_padding=&#8221;30px&#8221;][vc_column][\/vc_column][\/vc_row][vc_row bottom_padding=&#8221;55px&#8221;][vc_column width=&#8221;1\/2&#8243;][\/vc_column][vc_column width=&#8221;1\/2&#8243;][vc_empty_space height=&#8221;30px&#8221;][\/vc_column][\/vc_row][vc_row full_width=&#8221;stretch_row_content_no_spaces&#8221; el_class=&#8221;caction_above_footer&#8221;][vc_column][\/vc_column][\/vc_row]<\/p>\n","protected":false},"author":1,"featured_media":0,"parent":0,"menu_order":0,"comment_status":"closed","ping_status":"closed","template":"page-vc.php","meta":{"footnotes":""},"class_list":["post-153","page","type-page","status-publish","hentry"],"_links":{"self":[{"href":"https:\/\/creanova.org\/fi\/wp-json\/wp\/v2\/pages\/153","targetHints":{"allow":["GET"]}}],"collection":[{"href":"https:\/\/creanova.org\/fi\/wp-json\/wp\/v2\/pages"}],"about":[{"href":"https:\/\/creanova.org\/fi\/wp-json\/wp\/v2\/types\/page"}],"author":[{"embeddable":true,"href":"https:\/\/creanova.org\/fi\/wp-json\/wp\/v2\/users\/1"}],"replies":[{"embeddable":true,"href":"https:\/\/creanova.org\/fi\/wp-json\/wp\/v2\/comments?post=153"}],"version-history":[{"count":124,"href":"https:\/\/creanova.org\/fi\/wp-json\/wp\/v2\/pages\/153\/revisions"}],"predecessor-version":[{"id":1862,"href":"https:\/\/creanova.org\/fi\/wp-json\/wp\/v2\/pages\/153\/revisions\/1862"}],"wp:attachment":[{"href":"https:\/\/creanova.org\/fi\/wp-json\/wp\/v2\/media?parent=153"}],"curies":[{"name":"wp","href":"https:\/\/api.w.org\/{rel}","templated":true}]}}