{"id":142,"date":"2016-02-04T10:22:59","date_gmt":"2016-02-04T10:22:59","guid":{"rendered":"http:\/\/fluentthemes.com\/wp\/zionhost\/?page_id=142"},"modified":"2026-03-09T14:02:15","modified_gmt":"2026-03-09T12:02:15","slug":"dedicated-hosting","status":"publish","type":"page","link":"https:\/\/creanova.org\/fi\/dedicated-hosting\/","title":{"rendered":"Dedikoidut palvelimet"},"content":{"rendered":"<p>[vc_row full_width=&#8221;stretch_row_content_no_spaces&#8221;][vc_column][rev_slider_vc alias=&#8221;dedicated-hosting-fin&#8221;][\/vc_column][\/vc_row][vc_row top_padding=&#8221;60px&#8221;][vc_column]<div class=\"title4\">\r\n\t\t\t\t\t<h2 style=\"color: ;\"><span class=\"line\"><\/span>\r\n\t\t\t\t\tDedikoidut palvelimet<em style=\"color: ;\">Dedikoitu ratkaisu eroaa kustannustehokkuuden ja hallinnan vaivattomuudella, koska dedikoiduissa palvelinratkaisuissa asiakkaan k\u00e4ytt\u00f6\u00f6n varataan kokonaan oma palvelinlaite. Palvelinhotelli palvelumme on suunnattu niille, jotka haluavat vastata omien palvelimien toiminnasta ja yll\u00e4pidosta itse, mutta eiv\u00e4t kuitenkaan halua investoida omaan konesaliin. J\u00e4lkeen asiakkaalle toimitetaan p\u00e4\u00e4k\u00e4ytt\u00e4j\u00e4tunnukset, joten omien ohjelmistojen asentaminen ja hallinnointi sujuu vaivattomasti.<\/em>\t<\/h2>\r\n\t\t\t\t<\/div>[\/vc_column][\/vc_row][vc_row top_padding=&#8221;30px&#8221; bottom_padding=&#8221;90px&#8221;][vc_column width=&#8221;1\/3&#8243;]<div class=\"features animate-in\" data-anim-type=\"fade-in-left\" data-anim-delay=\"100\">\r\n\t\t\t\t\t<div class=\"fe-col\" style=\"width: 100%;\">\r\n\t\t\t\t\t<div class=\"fe-col-wrp type1 \">\r\n\t\t\t\t\t<div class=\"icon\"><span class=\"fa fa-bank\"><\/span><\/div>\r\n\t\t\t\t\t<h2>Ominaisuudet<\/h2>\r\n\t\t\t\t\t<p>Palvelimet sis\u00e4lt\u00e4v\u00e4t et\u00e4hallintaportin KVM<br \/>\nDELL (DRAC) tai HP (ILO).<br \/>\nRajoittamaton saapuva ja l\u00e4htev\u00e4 liikenne.<br \/>\nValmiiksi m\u00e4\u00e4ritellyt palvelinkokoonpanot.<br \/>\nPalvelimen asennus r\u00e4kkikaappiin.<br \/>\nLiit\u00e4nt\u00e4 (Ethernet) 1Gbps tai 10Gbps tai 40Gbps connection..<br \/>\nEsiasennettu k\u00e4ytt\u00f6j\u00e4rjestelm\u00e4 asiakkaan valinnan mukaan (CentOS, Fedora, openSUSE, Debian GNU\/Linux, FreeBSD.<br \/>\nLis\u00e4maksusta Windows k\u00e4ytt\u00f6j\u00e4rjestelm\u00e4.<br \/>\nSuojattu SSH yhteys palvelimelle (Full root).<\/p>\n<p><\/p>\r\n\t\t\t\t\t<\/div>\r\n\t\t\t\t\t<\/div>\r\n\t\t\t  <\/div>[\/vc_column][vc_column width=&#8221;1\/3&#8243;]<div class=\"features animate-in\" data-anim-type=\"fade-in-left\" data-anim-delay=\"100\">\r\n\t\t\t\t\t<div class=\"fe-col\" style=\"width: 100%;\">\r\n\t\t\t\t\t<div class=\"fe-col-wrp type1 active\">\r\n\t\t\t\t\t<div class=\"icon\"><span class=\"fa fa-folder-open-o\"><\/span><\/div>\r\n\t\t\t\t\t<h2>Hyv\u00e4t Edut<\/h2>\r\n\t\t\t\t\t<p>Paikallinen varmistus:<br \/>\nSaat luvatun m\u00e4\u00e4r\u00e4n ilmaista varmistustilaa oman palvelimen paikalliseen varmistukseen. (Tietoihin ei p\u00e4\u00e4se muualta kuin omalta palvelimelta) K\u00e4ytt\u00f6\u00f6notetaan asiakkaan pyynn\u00f6st\u00e4.<\/p>\n<p>K\u00e4ytt\u00f6\u00f6notto:<br \/>\nAsiantuntijamme antavat tukea k\u00e4ytt\u00f6\u00f6nottovaiheen ongelmatilanteissa sek\u00e4 tarvittaessa auttavat palvelimen konfiguroinnissa maksutta. Autamme my\u00f6s nykyisten palvelimien siirt\u00e4misess\u00e4 nykyiselt\u00e4 toimittajalta meid\u00e4n palveluihin maksutta. Voit tilata meilt\u00e4 avaimet k\u00e4teen palvelun; aikataulutamme asennuksen sek\u00e4 m\u00e4\u00e4rittelemme yrityksellenne sopivat palvelut meid\u00e4n konesalista<\/p>\r\n\t\t\t\t\t<\/div>\r\n\t\t\t\t\t<\/div>\r\n\t\t\t  <\/div>[\/vc_column][vc_column width=&#8221;1\/3&#8243;]<div class=\"features animate-in\" data-anim-type=\"fade-in-left\" data-anim-delay=\"100\">\r\n\t\t\t\t\t<div class=\"fe-col\" style=\"width: 100%;\">\r\n\t\t\t\t\t<div class=\"fe-col-wrp type1 \">\r\n\t\t\t\t\t<div class=\"icon\"><span class=\"fa fa-gear\"><\/span><\/div>\r\n\t\t\t\t\t<h2>Erilaiset kokoonpanot<\/h2>\r\n\t\t\t\t\t<p>Mik\u00e4li et l\u00f6yt\u00e4nyt sopivaa vaihtoehtoa valmiiden kokoonpanojemme joukosta tai haluat keskustella myyntihenkil\u00f6st\u00f6mme kanssa tarkemmista yksityiskohdista, voit toivomastasi kokonaisuudesta<br \/>\nToimituksen j\u00e4lkeen asiakkaalla on mahdollisuus hallita itse palvelinta<br \/>\nLis\u00e4tila ja lis\u00e4palvelut hinnoiteltu erikseen (kts. hinnasto)<br \/>\n<\/p>\r\n\t\t\t\t\t<\/div>\r\n\t\t\t\t\t<\/div>\r\n\t\t\t  <\/div>[\/vc_column][\/vc_row][vc_row full_width=&#8221;stretch_row&#8221; parallax=&#8221;content-moving&#8221; parallax_image=&#8221;145&#8243; parallax_speed_bg=&#8221;1.4&#8243; top_padding=&#8221;60px&#8221; bottom_padding=&#8221;50px&#8221;][vc_column]<div class=\"title4\">\r\n\t\t\t\t\t<h2 style=\"color: ;\"><span class=\"line\"><\/span>\r\n\t\t\t\t\tValmiit peruskokoonpanot<em style=\"color: #020202;\">Ole hyv\u00e4 valitse ja muokkaa tarvittaessa palvelinta<br \/>\n<\/em>\t<\/h2>\r\n\t\t\t\t<\/div>[vc_row_inner][vc_column_inner width=&#8221;1\/4&#8243;][vc_empty_space height=&#8221;30px&#8221;]<div class=\"animate-in\" data-anim-type=\"fade-in-down\" data-anim-delay=\"100\">\r\n\t\t\t\t<div class=\"price-col active\">\r\n\t\t\t\t\t<div class=\"price\">\r\n\t\t\t\t\t\t<h4>\u20ac70<br><span>\/ kk<\/span>\t\t\t<\/h4>\r\n\t\t\t\t\t<\/div>\r\n\r\n\t\t\t\t\t<div class=\"plan-title\">\r\n\t\t\t\t\t\t<h2>ROOT DS #1<\/h2>\r\n\t\t\t\t\t<\/div>\r\n\t\t\t\t\t<ul class=\"plan-list\"><li class=\"light\">CPU Xeon 4-8Cores E3-E5 v3<br \/><\/li><li class=\"dark\">16-32 GB DDR RAM<br \/><\/li><li class=\"light\">2x500 GB SSD<br \/><\/li><li class=\"dark\">or 2x1,2 TB SAS<br \/><\/li><li class=\"light\">RAID Hardware<br \/><\/li><li class=\"dark\">Port speed 1Gbps<br \/><\/li><li class=\"light\">Backup space 200 GB<\/li><\/ul>\r\n\t\t\t\t\t<div class=\"get-btn\">\r\n\t\t\t\t\t\t<a href=\"https:\/\/billing.creanova.org\/cart.php?a=add&#038;pid=145\" class=\"btn darkbox active\">Muokkaa<\/a>\r\n\t\t\t\t\t<\/div>\r\n\t\t\t\t<\/div>\r\n\t\t\t<\/div>[\/vc_column_inner][vc_column_inner width=&#8221;1\/4&#8243;][vc_empty_space height=&#8221;30px&#8221;]<div class=\"animate-in\" data-anim-type=\"fade-in-down\" data-anim-delay=\"100\">\r\n\t\t\t\t<div class=\"price-col \">\r\n\t\t\t\t\t<div class=\"price\">\r\n\t\t\t\t\t\t<h4>\u20ac90<br><span>\/ kk<\/span>\t\t\t<\/h4>\r\n\t\t\t\t\t<\/div>\r\n\r\n\t\t\t\t\t<div class=\"plan-title\">\r\n\t\t\t\t\t\t<h2>ROOT DS #2<\/h2>\r\n\t\t\t\t\t<\/div>\r\n\t\t\t\t\t<ul class=\"plan-list\"><li class=\"light\">CPU Xeon v2 6-12 Cores E5<br \/><\/li><li class=\"dark\">64 GB RAM Ecc (Max 384 GB)<br \/><\/li><li class=\"light\">4 x 500Gb SSD Raid 10<br \/><\/li><li class=\"dark\">(max 12 disks)<br \/><\/li><li class=\"light\">RAID Hardware ( + cache + battery )<br \/><\/li><li class=\"dark\">Port speed 1Gbps<br \/><\/li><li class=\"light\">Backup space 200 GB<\/li><\/ul>\r\n\t\t\t\t\t<div class=\"get-btn\">\r\n\t\t\t\t\t\t<a href=\"https:\/\/billing.creanova.org\/cart.php?a=add&#038;pid=146\" class=\"btn darkbox \">Muokkaa<\/a>\r\n\t\t\t\t\t<\/div>\r\n\t\t\t\t<\/div>\r\n\t\t\t<\/div>[\/vc_column_inner][vc_column_inner width=&#8221;1\/4&#8243;][vc_empty_space height=&#8221;30px&#8221;]<div class=\"animate-in\" data-anim-type=\"fade-in-down\" data-anim-delay=\"100\">\r\n\t\t\t\t<div class=\"price-col active\">\r\n\t\t\t\t\t<div class=\"price\">\r\n\t\t\t\t\t\t<h4>\u20ac100<br><span>\/ kk<\/span>\t\t\t<\/h4>\r\n\t\t\t\t\t<\/div>\r\n\r\n\t\t\t\t\t<div class=\"plan-title\">\r\n\t\t\t\t\t\t<h2>ROOT DS #3<\/h2>\r\n\t\t\t\t\t<\/div>\r\n\t\t\t\t\t<ul class=\"plan-list\"><li class=\"light\">CPU Xeon 4Cores E3-1270\/1280 V6<br \/><\/li><li class=\"dark\">32-64 GB RAM<br \/><\/li><li class=\"light\">2x1TB SSD<br \/><\/li><li class=\"dark\">2x1TB SSD<br \/><\/li><li class=\"light\">RAID Hardware<br \/><\/li><li class=\"dark\">Port speed 1Gbps<br \/><\/li><li class=\"light\">Backup space 200 GB<\/li><\/ul>\r\n\t\t\t\t\t<div class=\"get-btn\">\r\n\t\t\t\t\t\t<a href=\"https:\/\/billing.creanova.org\/cart.php?a=add&#038;pid=148\" class=\"btn darkbox active\">Muokkaa<\/a>\r\n\t\t\t\t\t<\/div>\r\n\t\t\t\t<\/div>\r\n\t\t\t<\/div>[\/vc_column_inner][vc_column_inner width=&#8221;1\/4&#8243;][vc_empty_space height=&#8221;30px&#8221;]<div class=\"animate-in\" data-anim-type=\"fade-in-down\" data-anim-delay=\"100\">\r\n\t\t\t\t<div class=\"price-col \">\r\n\t\t\t\t\t<div class=\"price\">\r\n\t\t\t\t\t\t<h4>\u20ac210<br><span>\/ kk<\/span>\t\t\t<\/h4>\r\n\t\t\t\t\t<\/div>\r\n\r\n\t\t\t\t\t<div class=\"plan-title\">\r\n\t\t\t\t\t\t<h2>ROOT DS #3.1<\/h2>\r\n\t\t\t\t\t<\/div>\r\n\t\t\t\t\t<ul class=\"plan-list\"><li class=\"light\">CPU Xeon 8Cores E2288G 3.7 - 5.0GHz<br \/><\/li><li class=\"dark\">64 GB RAM<br \/><\/li><li class=\"light\">2x1TB SSD<br \/><\/li><li class=\"dark\">2x1TB SSD<br \/><\/li><li class=\"light\">RAID Hardware ( + cache + battery )<br \/><\/li><li class=\"dark\">Port speed 1-10Gbps<br \/><\/li><li class=\"light\">Backup space 200 GB<\/li><\/ul>\r\n\t\t\t\t\t<div class=\"get-btn\">\r\n\t\t\t\t\t\t<a href=\"https:\/\/billing.creanova.org\/cart.php?a=add&#038;pid=147\" class=\"btn darkbox \">Muokkaa<\/a>\r\n\t\t\t\t\t<\/div>\r\n\t\t\t\t<\/div>\r\n\t\t\t<\/div>[\/vc_column_inner][\/vc_row_inner][vc_row_inner][vc_column_inner width=&#8221;1\/4&#8243;][vc_empty_space height=&#8221;30px&#8221;]<div class=\"animate-in\" data-anim-type=\"fade-in-down\" data-anim-delay=\"100\">\r\n\t\t\t\t<div class=\"price-col \">\r\n\t\t\t\t\t<div class=\"price\">\r\n\t\t\t\t\t\t<h4>\u20ac170<br><span>\/ kk<\/span>\t\t\t<\/h4>\r\n\t\t\t\t\t<\/div>\r\n\r\n\t\t\t\t\t<div class=\"plan-title\">\r\n\t\t\t\t\t\t<h2>ROOT DS #3.2<\/h2>\r\n\t\t\t\t\t<\/div>\r\n\t\t\t\t\t<ul class=\"plan-list\"><li class=\"light\">CPU Xeon 8Cores E2388G 3.2 - 5.1GHz<br \/><\/li><li class=\"dark\">128 GB RAM<br \/><\/li><li class=\"light\">2x2TB SSD<br \/><\/li><li class=\"dark\">2x2TB SSD<br \/><\/li><li class=\"light\">12G RAID Hardware ( + cache + battery )<br \/><\/li><li class=\"dark\">Port speed 1-10Gbps<br \/><\/li><li class=\"light\">Backup space 200 GB<\/li><\/ul>\r\n\t\t\t\t\t<div class=\"get-btn\">\r\n\t\t\t\t\t\t<a href=\"https:\/\/billing.creanova.org\/cart.php?a=add&#038;pid=149\" class=\"btn darkbox \">Muokkaa<\/a>\r\n\t\t\t\t\t<\/div>\r\n\t\t\t\t<\/div>\r\n\t\t\t<\/div>[\/vc_column_inner][vc_column_inner width=&#8221;1\/4&#8243;][vc_empty_space height=&#8221;30px&#8221;]<div class=\"animate-in\" data-anim-type=\"fade-in-down\" data-anim-delay=\"100\">\r\n\t\t\t\t<div class=\"price-col active\">\r\n\t\t\t\t\t<div class=\"price\">\r\n\t\t\t\t\t\t<h4>\u20ac160.00<br><span>\/ kk<\/span>\t\t\t<\/h4>\r\n\t\t\t\t\t<\/div>\r\n\r\n\t\t\t\t\t<div class=\"plan-title\">\r\n\t\t\t\t\t\t<h2>ROOT DS #4<\/h2>\r\n\t\t\t\t\t<\/div>\r\n\t\t\t\t\t<ul class=\"plan-list\"><li class=\"light\">CPU Xeon(v2, v4) 6-14 Cores E5<br \/><\/li><li class=\"dark\">RAM ECC 128 GB (Max 512 GB)<br \/><\/li><li class=\"light\">12 x 4 TB SAS 12G<br \/><\/li><li class=\"dark\">(max 12LFF\/24SFF disks)<br \/><\/li><li class=\"light\">RAID Hardware ( + cache + battery )<br \/><\/li><li class=\"dark\">Port speed 1-10Gbps<br \/><\/li><li class=\"light\">Backup space 200 GB<\/li><\/ul>\r\n\t\t\t\t\t<div class=\"get-btn\">\r\n\t\t\t\t\t\t<a href=\"https:\/\/billing.creanova.org\/cart.php?a=add&#038;pid=150\" class=\"btn darkbox active\">Muokkaa<\/a>\r\n\t\t\t\t\t<\/div>\r\n\t\t\t\t<\/div>\r\n\t\t\t<\/div>[\/vc_column_inner][vc_column_inner width=&#8221;1\/4&#8243;][vc_empty_space height=&#8221;30px&#8221;]<div class=\"animate-in\" data-anim-type=\"fade-in-down\" data-anim-delay=\"100\">\r\n\t\t\t\t<div class=\"price-col \">\r\n\t\t\t\t\t<div class=\"price\">\r\n\t\t\t\t\t\t<h4>\u20ac300.00<br><span>\/ month<\/span>\t\t\t<\/h4>\r\n\t\t\t\t\t<\/div>\r\n\r\n\t\t\t\t\t<div class=\"plan-title\">\r\n\t\t\t\t\t\t<h2>ROOT DS #5<\/h2>\r\n\t\t\t\t\t<\/div>\r\n\t\t\t\t\t<ul class=\"plan-list\"><li class=\"light\">CPU 1 x Intel Xeon E-2488<br \/><\/li><li class=\"dark\">RAM ECC 128 GB DDR5<br \/><\/li><li class=\"light\">HDD 2 x 3.84Tb SSD SAS12G<br \/><\/li><li class=\"dark\">(Max 8 HDD)<br \/><\/li><li class=\"light\">RAID Hardware ( + cache + battery )<br \/><\/li><li class=\"dark\">Port speed 1-10Gbps<br \/><\/li><li class=\"light\">Backup space 300 GB<\/li><\/ul>\r\n\t\t\t\t\t<div class=\"get-btn\">\r\n\t\t\t\t\t\t<a href=\"https:\/\/billing.creanova.org\/cart.php?a=add&#038;pid=166\" class=\"btn darkbox \">Muokka<\/a>\r\n\t\t\t\t\t<\/div>\r\n\t\t\t\t<\/div>\r\n\t\t\t<\/div>[\/vc_column_inner][vc_column_inner width=&#8221;1\/4&#8243;][vc_empty_space height=&#8221;30px&#8221;]<div class=\"animate-in\" data-anim-type=\"fade-in-down\" data-anim-delay=\"100\">\r\n\t\t\t\t<div class=\"price-col active\">\r\n\t\t\t\t\t<div class=\"price\">\r\n\t\t\t\t\t\t<h4>\u20ac160.00<br><span>\/ kk<\/span>\t\t\t<\/h4>\r\n\t\t\t\t\t<\/div>\r\n\r\n\t\t\t\t\t<div class=\"plan-title\">\r\n\t\t\t\t\t\t<h2>ROOT DS #6<\/h2>\r\n\t\t\t\t\t<\/div>\r\n\t\t\t\t\t<ul class=\"plan-list\"><li class=\"light\">CPU 2 x Xeon(v4) 4-28 Cores E5<br \/><\/li><li class=\"dark\">RAM ECC 128 GB (Max 768 GB)<br \/><\/li><li class=\"light\">HDD 2 x 1 TB SSD + 2 x 1 TB SSD<br \/><\/li><li class=\"dark\">(Max 12 LFF \/ 24 SFF HDD)<br \/><\/li><li class=\"light\">RAID Hardware ( + cache + battery )<br \/><\/li><li class=\"dark\">Port speed 1-10Gbps<br \/><\/li><li class=\"light\">Backup space 300 GB<\/li><\/ul>\r\n\t\t\t\t\t<div class=\"get-btn\">\r\n\t\t\t\t\t\t<a href=\"https:\/\/billing.creanova.org\/cart.php?a=add&#038;pid=135\" class=\"btn darkbox active\">Muokkaa<\/a>\r\n\t\t\t\t\t<\/div>\r\n\t\t\t\t<\/div>\r\n\t\t\t<\/div>[\/vc_column_inner][\/vc_row_inner][vc_row_inner][vc_column_inner width=&#8221;1\/4&#8243;][vc_empty_space height=&#8221;30px&#8221;]<div class=\"animate-in\" data-anim-type=\"fade-in-down\" data-anim-delay=\"100\">\r\n\t\t\t\t<div class=\"price-col active\">\r\n\t\t\t\t\t<div class=\"price\">\r\n\t\t\t\t\t\t<h4>\u20ac170.00<br><span>\/ kk<\/span>\t\t\t<\/h4>\r\n\t\t\t\t\t<\/div>\r\n\r\n\t\t\t\t\t<div class=\"plan-title\">\r\n\t\t\t\t\t\t<h2>ROOT DS #7<\/h2>\r\n\t\t\t\t\t<\/div>\r\n\t\t\t\t\t<ul class=\"plan-list\"><li class=\"light\">CPU 2 x Xeon Silver-Gold-Platinum<br \/><\/li><li class=\"dark\">RAM ECC 256 GB (Max 1.5 TB)<br \/><\/li><li class=\"light\">HDD 4 x 1 TB SSD<br \/><\/li><li class=\"dark\">(Max 16 SFF HDD)<br \/><\/li><li class=\"light\">12G RAID Hardware ( + cache + battery )<br \/><\/li><li class=\"dark\">Port speed 1-10Gbps<br \/><\/li><li class=\"light\">Backup space 300 GB<\/li><\/ul>\r\n\t\t\t\t\t<div class=\"get-btn\">\r\n\t\t\t\t\t\t<a href=\"https:\/\/billing.creanova.org\/cart.php?a=add&#038;pid=164\" class=\"btn darkbox active\">Muokkaa<\/a>\r\n\t\t\t\t\t<\/div>\r\n\t\t\t\t<\/div>\r\n\t\t\t<\/div>[\/vc_column_inner][vc_column_inner width=&#8221;1\/4&#8243;][vc_empty_space height=&#8221;30px&#8221;]<div class=\"animate-in\" data-anim-type=\"fade-in-down\" data-anim-delay=\"100\">\r\n\t\t\t\t<div class=\"price-col \">\r\n\t\t\t\t\t<div class=\"price\">\r\n\t\t\t\t\t\t<h4>\u20ac430.00<br><span>\/ kk<\/span>\t\t\t<\/h4>\r\n\t\t\t\t\t<\/div>\r\n\r\n\t\t\t\t\t<div class=\"plan-title\">\r\n\t\t\t\t\t\t<h2>ROOT DS #8<\/h2>\r\n\t\t\t\t\t<\/div>\r\n\t\t\t\t\t<ul class=\"plan-list\"><li class=\"light\">CPU 2 x Xeon Silver-Gold<br \/><\/li><li class=\"dark\">RAM ECC 256 GB (Max 1 TB)<br \/><\/li><li class=\"light\">HDD 4 x 2 TB SSD<br \/><\/li><li class=\"dark\">(Max 8 LFF \/ SFF HDD)<br \/><\/li><li class=\"light\">12G RAID Hardware ( + cache + battery )<br \/><\/li><li class=\"dark\">Port speed 1-10Gbps<br \/><\/li><li class=\"light\">Backup space 1 TB<\/li><\/ul>\r\n\t\t\t\t\t<div class=\"get-btn\">\r\n\t\t\t\t\t\t<a href=\"https:\/\/billing.creanova.org\/cart.php?a=add&#038;pid=165\" class=\"btn darkbox \">Muokkaa<\/a>\r\n\t\t\t\t\t<\/div>\r\n\t\t\t\t<\/div>\r\n\t\t\t<\/div>[\/vc_column_inner][vc_column_inner width=&#8221;1\/4&#8243;][vc_empty_space height=&#8221;30px&#8221;]<div class=\"animate-in\" data-anim-type=\"fade-in-down\" data-anim-delay=\"100\">\r\n\t\t\t\t<div class=\"price-col active\">\r\n\t\t\t\t\t<div class=\"price\">\r\n\t\t\t\t\t\t<h4>\u20ac250.00<br><span>\/ kk<\/span>\t\t\t<\/h4>\r\n\t\t\t\t\t<\/div>\r\n\r\n\t\t\t\t\t<div class=\"plan-title\">\r\n\t\t\t\t\t\t<h2>ROOT DS #GPU<\/h2>\r\n\t\t\t\t\t<\/div>\r\n\t\t\t\t\t<ul class=\"plan-list\"><li class=\"light\">CPU 2 x Xeon 12 - 24 Core<br \/><\/li><li class=\"dark\">128 GB RAM Ecc (Max 1024 GB)<br \/><\/li><li class=\"light\">2x1.92TB SAS12G SSD<br \/><\/li><li class=\"dark\">RTX4070TiSu\/RTX4090\/RTX5070\/RTX5080<br \/><\/li><li class=\"light\">RAID 12G Hardware ( + cache + battery )<br \/><\/li><li class=\"dark\">Port speed 1-10Gbps<br \/><\/li><li class=\"light\">Backup space 200 GB<\/li><\/ul>\r\n\t\t\t\t\t<div class=\"get-btn\">\r\n\t\t\t\t\t\t<a href=\"https:\/\/billing.creanova.org\/cart.php?a=add&#038;pid=153\" class=\"btn darkbox active\">Muokkaa<\/a>\r\n\t\t\t\t\t<\/div>\r\n\t\t\t\t<\/div>\r\n\t\t\t<\/div>[\/vc_column_inner][vc_column_inner width=&#8221;1\/4&#8243;][\/vc_column_inner][\/vc_row_inner][\/vc_column][\/vc_row][vc_row][vc_column width=&#8221;1\/2&#8243;][vc_empty_space height=&#8221;30px&#8221;]<div class=\"features_table_new\">\r\n\t\t\t<div class=\"table-style\">\r\n            <table class=\"table-list3\">\r\n              <tbody>\r\n\t\t\t\t<tr><th>Additional options<br \/><\/th><th>Price<\/th><\/tr>\r\n\t\t\t\t\r\n\t\t\t\t<tr><td>Cisco ASA 5525<br \/><\/td><td>25 eur\/kk<\/td><\/tr>\r\n\t\t\t\t\r\n\t\t\t\t<tr><td class=\"hilit\">Cisco ASA 5550 8GE<br \/><\/td><td class=\"hilit\">30 eur\/kk<\/td><\/tr>\r\n\t\t\t\t\r\n\t\t\t\t<tr><td>Cisco ASA 5545<br \/><\/td><td>40 eur\/kk<\/td><\/tr>\r\n\t\t\t\t\r\n\t\t\t\t<tr><td class=\"hilit\">Cisco ASA 5550<br \/><\/td><td class=\"hilit\">45 eur\/kk<\/td><\/tr>\r\n\t\t\t\t\r\n\t\t\t\t<tr><td>Mikrotik 1100AHx4<br \/><\/td><td>25 eur\/kk<\/td><\/tr>\r\n\t\t\t\t\r\n\t\t\t\t<tr><td class=\"hilit\">MikroTik Cloud Core Router CCR 2004 -16 G + 2 SFP+<br \/><\/td><td class=\"hilit\">35 eur\/kk<\/td><\/tr>\r\n\t\t\t\t\r\n\t\t\t\t<tr><td>MikroTik CCR2116 -12G + 4 SFP+<br \/><\/td><td>45 eur\/kk<\/td><\/tr>\r\n\t\t\t\t\r\n\t\t\t\t<tr><td class=\"hilit\">Zyxel ZyWALL USG 2000<br \/><\/td><td class=\"hilit\">30 eur\/kk<\/td><\/tr>\r\n\t\t\t\t\r\n\t\t\t   <\/tbody>\r\n\t\t\t<\/table>\r\n\t\t\t<\/div>\r\n\t\t\t<\/div>[\/vc_column][vc_column width=&#8221;1\/2&#8243;][vc_empty_space height=&#8221;30px&#8221;]<div class=\"features_table_new\">\r\n\t\t\t<div class=\"table-style\">\r\n            <table class=\"table-list3\">\r\n              <tbody>\r\n\t\t\t\t<tr><th>IP laajennus<br \/><\/th><th>Hinta<\/th><\/tr>\r\n\t\t\t\t\r\n\t\t\t\t<tr><td>IP 1<br \/><\/td><td>1,4 eur\/kk<\/td><\/tr>\r\n\t\t\t\t\r\n\t\t\t\t<tr><td class=\"hilit\">IP subnet \/25<br \/><\/td><td class=\"hilit\">130 eur\/kk<\/td><\/tr>\r\n\t\t\t\t\r\n\t\t\t\t<tr><td>IP subnet \/24<br \/><\/td><td>250 eur\/kk<\/td><\/tr>\r\n\t\t\t\t\r\n\t\t\t\t<tr><td class=\"hilit\">1 IPv6 IP<br \/><\/td><td class=\"hilit\">0.00 eur\/kk<\/td><\/tr>\r\n\t\t\t\t\r\n\t\t\t\t<tr><td>\/112 IPv6 prefix<br \/><\/td><td>0.00 eur\/kk<\/td><\/tr>\r\n\t\t\t\t\r\n\t\t\t\t<tr><td class=\"hilit\">\/64 IPv6 prefix<br \/><\/td><td class=\"hilit\">10 eur\/kk<\/td><\/tr>\r\n\t\t\t\t\r\n\t\t\t\t<tr><td>BGP IPv4\/IPv6 - own prefix, own AS announce<br \/><\/td><td>30.00 eur\/kk + 20.00 eur\/setup<\/td><\/tr>\r\n\t\t\t\t\r\n\t\t\t\t<tr><td class=\"hilit\">BGP IPv4\/IPv6 - own prefix, under our AS announce<br \/><\/td><td class=\"hilit\">50.00 eur\/kk + 20.00 eur\/setup<\/td><\/tr>\r\n\t\t\t\t\r\n\t\t\t   <\/tbody>\r\n\t\t\t<\/table>\r\n\t\t\t<\/div>\r\n\t\t\t<\/div>[\/vc_column][\/vc_row][vc_row full_width=&#8221;stretch_row_content_no_spaces&#8221; content_placement=&#8221;middle&#8221; top_padding=&#8221;10px&#8221; el_class=&#8221;caction_above_footer&#8221;][vc_column]<section class=\"section11 two\">\r\n\t\t\t\t\t<div class=\"container\">\r\n\t\t\t\t\t<div class=\"text\">\r\n\t\t\t\t\t<h4 class=\"white-text\">Jos et l\u00f6yd\u00e4 sopivaa kokoonpanoa tai tarvitset erikoiskokonpanon<\/h4>\r\n\t\t\t\t\t<\/div>\r\n\t\t\t\t\t<div class=\"readmore animate-in\" data-anim-type=\"swing\" data-anim-delay=\"200\"><a href=\"\/contact\/\" class=\"btn linebtn one\">Ota yhteytt\u00e4<\/a> <\/div>\r\n\t\t\t\t\t<\/div>\r\n\t\t\t\t<\/section>\r\n\t\t\t\t<!-- end section 5 -->\r\n\t\t\t\t<div class=\"clearfix\"><\/div>[\/vc_column][\/vc_row]<\/p>","protected":false},"excerpt":{"rendered":"<p>[vc_row full_width=&#8221;stretch_row_content_no_spaces&#8221;][vc_column][rev_slider_vc alias=&#8221;dedicated-hosting-fin&#8221;][\/vc_column][\/vc_row][vc_row top_padding=&#8221;60px&#8221;][vc_column][\/vc_column][\/vc_row][vc_row top_padding=&#8221;30px&#8221; bottom_padding=&#8221;90px&#8221;][vc_column width=&#8221;1\/3&#8243;][\/vc_column][vc_column width=&#8221;1\/3&#8243;][\/vc_column][vc_column width=&#8221;1\/3&#8243;][\/vc_column][\/vc_row][vc_row full_width=&#8221;stretch_row&#8221; parallax=&#8221;content-moving&#8221; parallax_image=&#8221;145&#8243; parallax_speed_bg=&#8221;1.4&#8243; top_padding=&#8221;60px&#8221; bottom_padding=&#8221;50px&#8221;][vc_column][vc_row_inner][vc_column_inner width=&#8221;1\/4&#8243;][vc_empty_space height=&#8221;30px&#8221;][\/vc_column_inner][vc_column_inner width=&#8221;1\/4&#8243;][vc_empty_space height=&#8221;30px&#8221;][\/vc_column_inner][vc_column_inner width=&#8221;1\/4&#8243;][vc_empty_space height=&#8221;30px&#8221;][\/vc_column_inner][vc_column_inner width=&#8221;1\/4&#8243;][vc_empty_space height=&#8221;30px&#8221;][\/vc_column_inner][\/vc_row_inner][vc_row_inner][vc_column_inner width=&#8221;1\/4&#8243;][vc_empty_space height=&#8221;30px&#8221;][\/vc_column_inner][vc_column_inner width=&#8221;1\/4&#8243;][vc_empty_space height=&#8221;30px&#8221;][\/vc_column_inner][vc_column_inner width=&#8221;1\/4&#8243;][vc_empty_space height=&#8221;30px&#8221;][\/vc_column_inner][vc_column_inner width=&#8221;1\/4&#8243;][vc_empty_space height=&#8221;30px&#8221;][\/vc_column_inner][\/vc_row_inner][vc_row_inner][vc_column_inner width=&#8221;1\/4&#8243;][vc_empty_space height=&#8221;30px&#8221;][\/vc_column_inner][vc_column_inner width=&#8221;1\/4&#8243;][vc_empty_space height=&#8221;30px&#8221;][\/vc_column_inner][vc_column_inner width=&#8221;1\/4&#8243;][vc_empty_space height=&#8221;30px&#8221;][\/vc_column_inner][vc_column_inner width=&#8221;1\/4&#8243;][\/vc_column_inner][\/vc_row_inner][\/vc_column][\/vc_row][vc_row][vc_column width=&#8221;1\/2&#8243;][vc_empty_space height=&#8221;30px&#8221;][\/vc_column][vc_column width=&#8221;1\/2&#8243;][vc_empty_space height=&#8221;30px&#8221;][\/vc_column][\/vc_row][vc_row full_width=&#8221;stretch_row_content_no_spaces&#8221; content_placement=&#8221;middle&#8221; top_padding=&#8221;10px&#8221; el_class=&#8221;caction_above_footer&#8221;][vc_column][\/vc_column][\/vc_row]<\/p>\n","protected":false},"author":1,"featured_media":0,"parent":0,"menu_order":0,"comment_status":"closed","ping_status":"closed","template":"page-vc.php","meta":{"footnotes":""},"class_list":["post-142","page","type-page","status-publish","hentry"],"_links":{"self":[{"href":"https:\/\/creanova.org\/fi\/wp-json\/wp\/v2\/pages\/142","targetHints":{"allow":["GET"]}}],"collection":[{"href":"https:\/\/creanova.org\/fi\/wp-json\/wp\/v2\/pages"}],"about":[{"href":"https:\/\/creanova.org\/fi\/wp-json\/wp\/v2\/types\/page"}],"author":[{"embeddable":true,"href":"https:\/\/creanova.org\/fi\/wp-json\/wp\/v2\/users\/1"}],"replies":[{"embeddable":true,"href":"https:\/\/creanova.org\/fi\/wp-json\/wp\/v2\/comments?post=142"}],"version-history":[{"count":270,"href":"https:\/\/creanova.org\/fi\/wp-json\/wp\/v2\/pages\/142\/revisions"}],"predecessor-version":[{"id":2095,"href":"https:\/\/creanova.org\/fi\/wp-json\/wp\/v2\/pages\/142\/revisions\/2095"}],"wp:attachment":[{"href":"https:\/\/creanova.org\/fi\/wp-json\/wp\/v2\/media?parent=142"}],"curies":[{"name":"wp","href":"https:\/\/api.w.org\/{rel}","templated":true}]}}